{"id":20277,"date":"2026-02-25T22:44:50","date_gmt":"2026-02-25T20:44:50","guid":{"rendered":"https:\/\/military-classic-auction.com\/?post_type=product&#038;p=20277"},"modified":"2026-02-25T22:44:51","modified_gmt":"2026-02-25T20:44:51","slug":"mae-west-502nd-pir-101st-airborne-division-g-v-m","status":"publish","type":"product","link":"https:\/\/military-classic-auction.com\/en\/product\/mae-west-502nd-pir-101st-airborne-division-g-v-m\/","title":{"rendered":"\u00ab\u00a0Mae West\u00a0\u00bb  502nd PIR &#8211; 101st Airborne Division \/\/ \u00ab\u00a0G-V-M\u00a0\u00bb"},"content":{"rendered":"<p><b>Gilet de sauvetage \u00ab\u00a0Mae West\u00a0\u00bb Type B-4 du <\/b><b>502<\/b><b><sup>nd<\/sup><\/b><b> PIR &#8211; 101<\/b><b><sup>st <\/sup><\/b><b>Airborne Division \/\/ \u00ab\u00a0G-V-M\u00a0\u00bb<\/b><\/p>\n<p>Marquage \u00ab\u00a0G.V.M.\u00a0\u00bb correspondant aux initiales de \u00ab\u00a0George Van Horn Moseley Jr\u00a0\u00bb<\/p>\n<p>Commandant du 502<sup>\u00e8me<\/sup> PIR. Ce r\u00e9giment participe activement \u00e0 la bataille de Carentan.<\/p>\n<p>Dat\u00e9 du 30 mars 1943 &amp;\u00a0 Inspection en mars 1944.<\/p>\n<p>Retrouv\u00e9e \u00e0 proximit\u00e9 de Sainte M\u00e8re \u00c9glise&#8230;<\/p>\n<p><em>Mae West Type B-4 life jacket from the 502nd PIR &#8211; 101st Airborne Division \/\/ \u201cG-V-M\u201d<\/em><\/p>\n<p><em>Marked \u201cG.V.M.\u201d corresponding to the initials of \u201cGeorge Van Horn Moseley Jr.\u201d<\/em><\/p>\n<p><em>Commander of the 502nd PIR. This regiment actively participated in the Battle of Carentan.<\/em><\/p>\n<p><em>Dated March 30, 1943 &amp; Inspected in March 1944.<\/em><\/p>\n<p><em>Found near Sainte-M\u00e8re-\u00c9glise&#8230;<\/em><\/p>\n<p>&nbsp;<\/p>","protected":false},"excerpt":{"rendered":"<p>Gilet de sauvetage \u00ab\u00a0Mae West\u00a0\u00bb Type B-4 du 502nd PIR &#8211; 101st Airborne Division \/\/ \u00ab\u00a0G-V-M\u00a0\u00bb Marquage \u00ab\u00a0G.V.M.\u00a0\u00bb correspondant aux initiales de \u00ab\u00a0George Van Horn Moseley Jr\u00a0\u00bb Commandant du 502\u00e8me PIR. Ce r\u00e9giment participe activement \u00e0 la bataille de Carentan. Dat\u00e9 du 30 mars 1943 &amp;\u00a0 Inspection en mars 1944. Retrouv\u00e9e \u00e0 proximit\u00e9 de Sainte<a class=\"more-link\" href=\"https:\/\/military-classic-auction.com\/en\/product\/mae-west-502nd-pir-101st-airborne-division-g-v-m\/\">Read more  &#10230;<\/a><\/p>","protected":false},"featured_media":20278,"template":"","meta":[],"product_brand":[],"product_cat":[87],"product_tag":[],"class_list":{"0":"post-20277","1":"product","2":"type-product","3":"status-publish","4":"has-post-thumbnail","6":"product_cat-collections-automobiles-militaria","8":"first","9":"instock","10":"sold-individually","11":"taxable","12":"shipping-taxable","13":"product-type-simple"},"aioseo_notices":[],"_links":{"self":[{"href":"https:\/\/military-classic-auction.com\/en\/wp-json\/wp\/v2\/product\/20277","targetHints":{"allow":["GET"]}}],"collection":[{"href":"https:\/\/military-classic-auction.com\/en\/wp-json\/wp\/v2\/product"}],"about":[{"href":"https:\/\/military-classic-auction.com\/en\/wp-json\/wp\/v2\/types\/product"}],"wp:featuredmedia":[{"embeddable":true,"href":"https:\/\/military-classic-auction.com\/en\/wp-json\/wp\/v2\/media\/20278"}],"wp:attachment":[{"href":"https:\/\/military-classic-auction.com\/en\/wp-json\/wp\/v2\/media?parent=20277"}],"wp:term":[{"taxonomy":"product_brand","embeddable":true,"href":"https:\/\/military-classic-auction.com\/en\/wp-json\/wp\/v2\/product_brand?post=20277"},{"taxonomy":"product_cat","embeddable":true,"href":"https:\/\/military-classic-auction.com\/en\/wp-json\/wp\/v2\/product_cat?post=20277"},{"taxonomy":"product_tag","embeddable":true,"href":"https:\/\/military-classic-auction.com\/en\/wp-json\/wp\/v2\/product_tag?post=20277"}],"curies":[{"name":"wp","href":"https:\/\/api.w.org\/{rel}","templated":true}]}}