{"id":19370,"date":"2025-12-18T13:47:23","date_gmt":"2025-12-18T11:47:23","guid":{"rendered":"https:\/\/military-classic-auction.com\/?post_type=product&#038;p=19370"},"modified":"2025-12-20T13:44:44","modified_gmt":"2025-12-20T11:44:44","slug":"tracteur-sift-45","status":"publish","type":"product","link":"https:\/\/military-classic-auction.com\/en\/product\/tracteur-sift-45\/","title":{"rendered":"Tracteur SIFT 45"},"content":{"rendered":"<p>Tracteur SIFT 45<br \/>\n\u00c9chelle : 1\/16<br \/>\nSur socle.<br \/>\nEn l&rsquo;\u00e9tat, traces d&rsquo;usures, deux \u00e9l\u00e9ments \u00e0 recoller.<br \/>\n&#8211;<br \/>\n\u00ab\u00a0SIFT 45 Tractor<br \/>\nScale: 1\/16<br \/>\nOn base.<br \/>\nAs is, with signs of wear; two parts need to be reattached.\u00a0\u00bb<\/p>","protected":false},"excerpt":{"rendered":"<p>Tracteur SIFT 45 \u00c9chelle : 1\/16 Sur socle. En l&rsquo;\u00e9tat, traces d&rsquo;usures, deux \u00e9l\u00e9ments \u00e0 recoller. &#8211; \u00ab\u00a0SIFT 45 Tractor Scale: 1\/16 On base. As is, with signs of wear; two parts need to be reattached.\u00a0\u00bb<\/p>","protected":false},"featured_media":18922,"template":"","meta":[],"product_brand":[],"product_cat":[85],"product_tag":[],"class_list":{"0":"post-19370","1":"product","2":"type-product","3":"status-publish","4":"has-post-thumbnail","6":"product_cat-the-vintage-military-toys","8":"first","9":"instock","10":"sold-individually","11":"purchasable","12":"product-type-auction"},"aioseo_notices":[],"_links":{"self":[{"href":"https:\/\/military-classic-auction.com\/en\/wp-json\/wp\/v2\/product\/19370","targetHints":{"allow":["GET"]}}],"collection":[{"href":"https:\/\/military-classic-auction.com\/en\/wp-json\/wp\/v2\/product"}],"about":[{"href":"https:\/\/military-classic-auction.com\/en\/wp-json\/wp\/v2\/types\/product"}],"wp:featuredmedia":[{"embeddable":true,"href":"https:\/\/military-classic-auction.com\/en\/wp-json\/wp\/v2\/media\/18922"}],"wp:attachment":[{"href":"https:\/\/military-classic-auction.com\/en\/wp-json\/wp\/v2\/media?parent=19370"}],"wp:term":[{"taxonomy":"product_brand","embeddable":true,"href":"https:\/\/military-classic-auction.com\/en\/wp-json\/wp\/v2\/product_brand?post=19370"},{"taxonomy":"product_cat","embeddable":true,"href":"https:\/\/military-classic-auction.com\/en\/wp-json\/wp\/v2\/product_cat?post=19370"},{"taxonomy":"product_tag","embeddable":true,"href":"https:\/\/military-classic-auction.com\/en\/wp-json\/wp\/v2\/product_tag?post=19370"}],"curies":[{"name":"wp","href":"https:\/\/api.w.org\/{rel}","templated":true}]}}