{"id":19367,"date":"2025-12-18T13:47:17","date_gmt":"2025-12-18T11:47:17","guid":{"rendered":"https:\/\/military-classic-auction.com\/?post_type=product&#038;p=19367"},"modified":"2026-01-03T09:46:07","modified_gmt":"2026-01-03T07:46:07","slug":"tracteur-remorque-a-remontoir","status":"publish","type":"product","link":"https:\/\/military-classic-auction.com\/en\/product\/tracteur-remorque-a-remontoir\/","title":{"rendered":"Tracteur &#038; remorque \u00e0 remontoir"},"content":{"rendered":"<p>Tracteur &#038; remorque \u00e0 remontoir<br \/>\nFabrication : Kovap en Tch\u00e9coslovaquie<br \/>\nAnn\u00e9es 1970<br \/>\nEn boite d&rsquo;origine, avec cl\u00e9.<br \/>\nFonctionnement non garantie.<br \/>\nEn l&rsquo;\u00e9tat, traces d&rsquo;usures.<br \/>\n&#8211;<br \/>\n\u00ab\u00a0Wind-up tractor and trailer<br \/>\nManufactured by Kovap in Czechoslovakia<br \/>\n1970s<br \/>\nIn original box, with key.<br \/>\nFunctionality not guaranteed.<br \/>\nAs is, with signs of wear.\u00a0\u00bb<\/p>","protected":false},"excerpt":{"rendered":"<p>Tracteur &#038; remorque \u00e0 remontoir Fabrication : Kovap en Tch\u00e9coslovaquie Ann\u00e9es 1970 En boite d&rsquo;origine, avec cl\u00e9. Fonctionnement non garantie. En l&rsquo;\u00e9tat, traces d&rsquo;usures. &#8211; \u00ab\u00a0Wind-up tractor and trailer Manufactured by Kovap in Czechoslovakia 1970s In original box, with key. Functionality not guaranteed. As is, with signs of wear.\u00a0\u00bb<\/p>","protected":false},"featured_media":18907,"template":"","meta":[],"product_brand":[],"product_cat":[85],"product_tag":[],"class_list":{"0":"post-19367","1":"product","2":"type-product","3":"status-publish","4":"has-post-thumbnail","6":"product_cat-the-vintage-military-toys","8":"first","9":"instock","10":"sold-individually","11":"purchasable","12":"product-type-auction"},"aioseo_notices":[],"_links":{"self":[{"href":"https:\/\/military-classic-auction.com\/en\/wp-json\/wp\/v2\/product\/19367","targetHints":{"allow":["GET"]}}],"collection":[{"href":"https:\/\/military-classic-auction.com\/en\/wp-json\/wp\/v2\/product"}],"about":[{"href":"https:\/\/military-classic-auction.com\/en\/wp-json\/wp\/v2\/types\/product"}],"wp:featuredmedia":[{"embeddable":true,"href":"https:\/\/military-classic-auction.com\/en\/wp-json\/wp\/v2\/media\/18907"}],"wp:attachment":[{"href":"https:\/\/military-classic-auction.com\/en\/wp-json\/wp\/v2\/media?parent=19367"}],"wp:term":[{"taxonomy":"product_brand","embeddable":true,"href":"https:\/\/military-classic-auction.com\/en\/wp-json\/wp\/v2\/product_brand?post=19367"},{"taxonomy":"product_cat","embeddable":true,"href":"https:\/\/military-classic-auction.com\/en\/wp-json\/wp\/v2\/product_cat?post=19367"},{"taxonomy":"product_tag","embeddable":true,"href":"https:\/\/military-classic-auction.com\/en\/wp-json\/wp\/v2\/product_tag?post=19367"}],"curies":[{"name":"wp","href":"https:\/\/api.w.org\/{rel}","templated":true}]}}