{"id":19362,"date":"2025-12-18T13:47:08","date_gmt":"2025-12-18T11:47:08","guid":{"rendered":"https:\/\/military-classic-auction.com\/?post_type=product&#038;p=19362"},"modified":"2025-12-20T13:43:32","modified_gmt":"2025-12-20T11:43:32","slug":"tracteur-field-marshall","status":"publish","type":"product","link":"https:\/\/military-classic-auction.com\/en\/product\/tracteur-field-marshall\/","title":{"rendered":"Tracteur Field-Marshall"},"content":{"rendered":"<p>Tracteur Field-Marshall<br \/>\nFabrication : G&#038;M Originals<br \/>\n\u00c9chelle : 1\/32<br \/>\nS\u00e9rie limit\u00e9e.<br \/>\nDans sa boite d&rsquo;origine.<br \/>\nEn l&rsquo;\u00e9tat, traces d&rsquo;usures.<br \/>\n&#8211;<br \/>\n\u00ab\u00a0Field-Marshall Tractor<br \/>\nManufactured by G&#038;M Originals<br \/>\nScale: 1\/32<br \/>\nLimited edition.<br \/>\nIn its original box.<br \/>\nAs is, with signs of wear.\u00a0\u00bb<\/p>","protected":false},"excerpt":{"rendered":"<p>Tracteur Field-Marshall Fabrication : G&#038;M Originals \u00c9chelle : 1\/32 S\u00e9rie limit\u00e9e. Dans sa boite d&rsquo;origine. En l&rsquo;\u00e9tat, traces d&rsquo;usures. &#8211; \u00ab\u00a0Field-Marshall Tractor Manufactured by G&#038;M Originals Scale: 1\/32 Limited edition. In its original box. As is, with signs of wear.\u00a0\u00bb<\/p>","protected":false},"featured_media":18880,"template":"","meta":[],"product_brand":[],"product_cat":[85],"product_tag":[],"class_list":{"0":"post-19362","1":"product","2":"type-product","3":"status-publish","4":"has-post-thumbnail","6":"product_cat-the-vintage-military-toys","8":"first","9":"instock","10":"sold-individually","11":"purchasable","12":"product-type-auction"},"aioseo_notices":[],"_links":{"self":[{"href":"https:\/\/military-classic-auction.com\/en\/wp-json\/wp\/v2\/product\/19362","targetHints":{"allow":["GET"]}}],"collection":[{"href":"https:\/\/military-classic-auction.com\/en\/wp-json\/wp\/v2\/product"}],"about":[{"href":"https:\/\/military-classic-auction.com\/en\/wp-json\/wp\/v2\/types\/product"}],"wp:featuredmedia":[{"embeddable":true,"href":"https:\/\/military-classic-auction.com\/en\/wp-json\/wp\/v2\/media\/18880"}],"wp:attachment":[{"href":"https:\/\/military-classic-auction.com\/en\/wp-json\/wp\/v2\/media?parent=19362"}],"wp:term":[{"taxonomy":"product_brand","embeddable":true,"href":"https:\/\/military-classic-auction.com\/en\/wp-json\/wp\/v2\/product_brand?post=19362"},{"taxonomy":"product_cat","embeddable":true,"href":"https:\/\/military-classic-auction.com\/en\/wp-json\/wp\/v2\/product_cat?post=19362"},{"taxonomy":"product_tag","embeddable":true,"href":"https:\/\/military-classic-auction.com\/en\/wp-json\/wp\/v2\/product_tag?post=19362"}],"curies":[{"name":"wp","href":"https:\/\/api.w.org\/{rel}","templated":true}]}}