{"id":19361,"date":"2025-12-18T13:47:07","date_gmt":"2025-12-18T11:47:07","guid":{"rendered":"https:\/\/military-classic-auction.com\/?post_type=product&#038;p=19361"},"modified":"2025-12-20T14:45:27","modified_gmt":"2025-12-20T12:45:27","slug":"tracteur-agricole-someca-40-b","status":"publish","type":"product","link":"https:\/\/military-classic-auction.com\/en\/product\/tracteur-agricole-someca-40-b\/","title":{"rendered":"Tracteur agricole Someca 40 B"},"content":{"rendered":"<p>Tracteur agricole Someca 40 B<br \/>\nFabrication : Tractoys Ltd.<br \/>\n\u00c9chelle : 1\/32<br \/>\nType : S.O.M. 40 B<br \/>\nS\u00e9rie limit\u00e9e dans son emballage cartonn\u00e9.<br \/>\nTraces d&rsquo;usures, accidents \u00e0 l&rsquo;arri\u00e8re.<br \/>\n&#8211;<br \/>\n\u00ab\u00a0Someca 40 B Agricultural Tractor<br \/>\nManufacturer: Tractoys Ltd.<br \/>\nScale: 1\/32<br \/>\nType: S.O.M. 40 B<br \/>\nLimited edition in its original cardboard packaging.<br \/>\nSigns of wear, damage to the rear.\u00a0\u00bb<\/p>","protected":false},"excerpt":{"rendered":"<p>Tracteur agricole Someca 40 B Fabrication : Tractoys Ltd. \u00c9chelle : 1\/32 Type : S.O.M. 40 B S\u00e9rie limit\u00e9e dans son emballage cartonn\u00e9. Traces d&rsquo;usures, accidents \u00e0 l&rsquo;arri\u00e8re. &#8211; \u00ab\u00a0Someca 40 B Agricultural Tractor Manufacturer: Tractoys Ltd. Scale: 1\/32 Type: S.O.M. 40 B Limited edition in its original cardboard packaging. Signs of wear, damage to<a class=\"more-link\" href=\"https:\/\/military-classic-auction.com\/en\/product\/tracteur-agricole-someca-40-b\/\">Read more  &#10230;<\/a><\/p>","protected":false},"featured_media":18874,"template":"","meta":[],"product_brand":[],"product_cat":[85],"product_tag":[],"class_list":{"0":"post-19361","1":"product","2":"type-product","3":"status-publish","4":"has-post-thumbnail","6":"product_cat-the-vintage-military-toys","8":"first","9":"instock","10":"sold-individually","11":"purchasable","12":"product-type-auction"},"aioseo_notices":[],"_links":{"self":[{"href":"https:\/\/military-classic-auction.com\/en\/wp-json\/wp\/v2\/product\/19361","targetHints":{"allow":["GET"]}}],"collection":[{"href":"https:\/\/military-classic-auction.com\/en\/wp-json\/wp\/v2\/product"}],"about":[{"href":"https:\/\/military-classic-auction.com\/en\/wp-json\/wp\/v2\/types\/product"}],"wp:featuredmedia":[{"embeddable":true,"href":"https:\/\/military-classic-auction.com\/en\/wp-json\/wp\/v2\/media\/18874"}],"wp:attachment":[{"href":"https:\/\/military-classic-auction.com\/en\/wp-json\/wp\/v2\/media?parent=19361"}],"wp:term":[{"taxonomy":"product_brand","embeddable":true,"href":"https:\/\/military-classic-auction.com\/en\/wp-json\/wp\/v2\/product_brand?post=19361"},{"taxonomy":"product_cat","embeddable":true,"href":"https:\/\/military-classic-auction.com\/en\/wp-json\/wp\/v2\/product_cat?post=19361"},{"taxonomy":"product_tag","embeddable":true,"href":"https:\/\/military-classic-auction.com\/en\/wp-json\/wp\/v2\/product_tag?post=19361"}],"curies":[{"name":"wp","href":"https:\/\/api.w.org\/{rel}","templated":true}]}}