{"id":19360,"date":"2025-12-18T13:47:03","date_gmt":"2025-12-18T11:47:03","guid":{"rendered":"https:\/\/military-classic-auction.com\/?post_type=product&#038;p=19360"},"modified":"2025-12-20T16:35:07","modified_gmt":"2025-12-20T14:35:07","slug":"tracteur-agricole-someca-40","status":"publish","type":"product","link":"https:\/\/military-classic-auction.com\/en\/product\/tracteur-agricole-someca-40\/","title":{"rendered":"Tracteur agricole Someca 40"},"content":{"rendered":"<p>Tracteur agricole Someca 40<br \/>\nFabrication : Tractoys Ltd.<br \/>\n\u00c9chelle : 1\/32<br \/>\nType : S.O.M. 40<br \/>\nS\u00e9rie limit\u00e9e dans son emballage cartonn\u00e9.<br \/>\nEn l&rsquo;\u00e9tat, traces d&rsquo;usures.<br \/>\n&#8211;<br \/>\n\u00ab\u00a0Someca 40 Agricultural Tractor<br \/>\nManufacturer: Tractoys Ltd.<br \/>\nScale: 1\/32<br \/>\nType: S.O.M. 40<br \/>\nLimited edition in its original cardboard packaging.<br \/>\nAs is, with signs of wear.\u00a0\u00bb<\/p>","protected":false},"excerpt":{"rendered":"<p>Tracteur agricole Someca 40 Fabrication : Tractoys Ltd. \u00c9chelle : 1\/32 Type : S.O.M. 40 S\u00e9rie limit\u00e9e dans son emballage cartonn\u00e9. En l&rsquo;\u00e9tat, traces d&rsquo;usures. &#8211; \u00ab\u00a0Someca 40 Agricultural Tractor Manufacturer: Tractoys Ltd. Scale: 1\/32 Type: S.O.M. 40 Limited edition in its original cardboard packaging. As is, with signs of wear.\u00a0\u00bb<\/p>","protected":false},"featured_media":18868,"template":"","meta":[],"product_brand":[],"product_cat":[85],"product_tag":[],"class_list":{"0":"post-19360","1":"product","2":"type-product","3":"status-publish","4":"has-post-thumbnail","6":"product_cat-the-vintage-military-toys","8":"first","9":"instock","10":"sold-individually","11":"purchasable","12":"product-type-auction"},"aioseo_notices":[],"_links":{"self":[{"href":"https:\/\/military-classic-auction.com\/en\/wp-json\/wp\/v2\/product\/19360","targetHints":{"allow":["GET"]}}],"collection":[{"href":"https:\/\/military-classic-auction.com\/en\/wp-json\/wp\/v2\/product"}],"about":[{"href":"https:\/\/military-classic-auction.com\/en\/wp-json\/wp\/v2\/types\/product"}],"wp:featuredmedia":[{"embeddable":true,"href":"https:\/\/military-classic-auction.com\/en\/wp-json\/wp\/v2\/media\/18868"}],"wp:attachment":[{"href":"https:\/\/military-classic-auction.com\/en\/wp-json\/wp\/v2\/media?parent=19360"}],"wp:term":[{"taxonomy":"product_brand","embeddable":true,"href":"https:\/\/military-classic-auction.com\/en\/wp-json\/wp\/v2\/product_brand?post=19360"},{"taxonomy":"product_cat","embeddable":true,"href":"https:\/\/military-classic-auction.com\/en\/wp-json\/wp\/v2\/product_cat?post=19360"},{"taxonomy":"product_tag","embeddable":true,"href":"https:\/\/military-classic-auction.com\/en\/wp-json\/wp\/v2\/product_tag?post=19360"}],"curies":[{"name":"wp","href":"https:\/\/api.w.org\/{rel}","templated":true}]}}