{"id":19359,"date":"2025-12-18T13:47:01","date_gmt":"2025-12-18T11:47:01","guid":{"rendered":"https:\/\/military-classic-auction.com\/?post_type=product&#038;p=19359"},"modified":"2026-01-03T11:01:02","modified_gmt":"2026-01-03T09:01:02","slug":"deux-tracteurs-societe-francaise","status":"publish","type":"product","link":"https:\/\/military-classic-auction.com\/en\/product\/deux-tracteurs-societe-francaise\/","title":{"rendered":"Deux tracteurs Soci\u00e9t\u00e9 Fran\u00e7aise"},"content":{"rendered":"<p>Deux tracteurs Soci\u00e9t\u00e9 Fran\u00e7aise<br \/>\nFabrication : Tractoys Ltd.<br \/>\n\u00c9chelle : 1\/32 &#8211; 1\/43<br \/>\nType 551 &#038; 302<br \/>\nMod\u00e8le 551 en s\u00e9rie limit\u00e9e dans son coffret.<br \/>\nEn l&rsquo;\u00e9tat, usures, plusieurs accidents, pi\u00e8ces a recoller.<br \/>\n&#8211;<br \/>\n\u00ab\u00a0Two French-made tractors<br \/>\nManufactured by Tractoys Ltd.<br \/>\nScale: 1\/32 &#8211; 1\/43<br \/>\nType 551 &#038; 302<br \/>\nLimited edition model 551 in its original box.<br \/>\nAs is, with wear and tear, several accidents, and parts need to be glued back on.\u00a0\u00bb<\/p>","protected":false},"excerpt":{"rendered":"<p>Deux tracteurs Soci\u00e9t\u00e9 Fran\u00e7aise Fabrication : Tractoys Ltd. \u00c9chelle : 1\/32 &#8211; 1\/43 Type 551 &#038; 302 Mod\u00e8le 551 en s\u00e9rie limit\u00e9e dans son coffret. En l&rsquo;\u00e9tat, usures, plusieurs accidents, pi\u00e8ces a recoller. &#8211; \u00ab\u00a0Two French-made tractors Manufactured by Tractoys Ltd. Scale: 1\/32 &#8211; 1\/43 Type 551 &#038; 302 Limited edition model 551 in its<a class=\"more-link\" href=\"https:\/\/military-classic-auction.com\/en\/product\/deux-tracteurs-societe-francaise\/\">Read more  &#10230;<\/a><\/p>","protected":false},"featured_media":18862,"template":"","meta":[],"product_brand":[],"product_cat":[85],"product_tag":[],"class_list":{"0":"post-19359","1":"product","2":"type-product","3":"status-publish","4":"has-post-thumbnail","6":"product_cat-the-vintage-military-toys","8":"first","9":"instock","10":"sold-individually","11":"purchasable","12":"product-type-auction"},"aioseo_notices":[],"_links":{"self":[{"href":"https:\/\/military-classic-auction.com\/en\/wp-json\/wp\/v2\/product\/19359","targetHints":{"allow":["GET"]}}],"collection":[{"href":"https:\/\/military-classic-auction.com\/en\/wp-json\/wp\/v2\/product"}],"about":[{"href":"https:\/\/military-classic-auction.com\/en\/wp-json\/wp\/v2\/types\/product"}],"wp:featuredmedia":[{"embeddable":true,"href":"https:\/\/military-classic-auction.com\/en\/wp-json\/wp\/v2\/media\/18862"}],"wp:attachment":[{"href":"https:\/\/military-classic-auction.com\/en\/wp-json\/wp\/v2\/media?parent=19359"}],"wp:term":[{"taxonomy":"product_brand","embeddable":true,"href":"https:\/\/military-classic-auction.com\/en\/wp-json\/wp\/v2\/product_brand?post=19359"},{"taxonomy":"product_cat","embeddable":true,"href":"https:\/\/military-classic-auction.com\/en\/wp-json\/wp\/v2\/product_cat?post=19359"},{"taxonomy":"product_tag","embeddable":true,"href":"https:\/\/military-classic-auction.com\/en\/wp-json\/wp\/v2\/product_tag?post=19359"}],"curies":[{"name":"wp","href":"https:\/\/api.w.org\/{rel}","templated":true}]}}