{"id":19355,"date":"2025-12-18T13:46:55","date_gmt":"2025-12-18T11:46:55","guid":{"rendered":"https:\/\/military-classic-auction.com\/?post_type=product&#038;p=19355"},"modified":"2025-12-20T13:45:43","modified_gmt":"2025-12-20T11:45:43","slug":"tracteur-agricole-renault","status":"publish","type":"product","link":"https:\/\/military-classic-auction.com\/en\/product\/tracteur-agricole-renault\/","title":{"rendered":"Tracteur agricole Renault"},"content":{"rendered":"<p>Tracteur agricole Renault<br \/>\nFabrication : CIJ<br \/>\nEn t\u00f4le, m\u00e9canisme a ressort.<br \/>\nLongueur : 19cm environ<br \/>\nEn l&rsquo;\u00e9tat, usures, manques.<br \/>\n&#8211;<br \/>\n\u00ab\u00a0Renault agricultural tractor<br \/>\nManufactured by CIJ<br \/>\nSheet metal, spring mechanism.<br \/>\nLength: approximately 19 cm<br \/>\nAs is, with wear and missing parts.\u00a0\u00bb<\/p>","protected":false},"excerpt":{"rendered":"<p>Tracteur agricole Renault Fabrication : CIJ En t\u00f4le, m\u00e9canisme a ressort. Longueur : 19cm environ En l&rsquo;\u00e9tat, usures, manques. &#8211; \u00ab\u00a0Renault agricultural tractor Manufactured by CIJ Sheet metal, spring mechanism. Length: approximately 19 cm As is, with wear and missing parts.\u00a0\u00bb<\/p>","protected":false},"featured_media":18840,"template":"","meta":[],"product_brand":[],"product_cat":[85],"product_tag":[],"class_list":{"0":"post-19355","1":"product","2":"type-product","3":"status-publish","4":"has-post-thumbnail","6":"product_cat-the-vintage-military-toys","8":"first","9":"instock","10":"sold-individually","11":"purchasable","12":"product-type-auction"},"aioseo_notices":[],"_links":{"self":[{"href":"https:\/\/military-classic-auction.com\/en\/wp-json\/wp\/v2\/product\/19355","targetHints":{"allow":["GET"]}}],"collection":[{"href":"https:\/\/military-classic-auction.com\/en\/wp-json\/wp\/v2\/product"}],"about":[{"href":"https:\/\/military-classic-auction.com\/en\/wp-json\/wp\/v2\/types\/product"}],"wp:featuredmedia":[{"embeddable":true,"href":"https:\/\/military-classic-auction.com\/en\/wp-json\/wp\/v2\/media\/18840"}],"wp:attachment":[{"href":"https:\/\/military-classic-auction.com\/en\/wp-json\/wp\/v2\/media?parent=19355"}],"wp:term":[{"taxonomy":"product_brand","embeddable":true,"href":"https:\/\/military-classic-auction.com\/en\/wp-json\/wp\/v2\/product_brand?post=19355"},{"taxonomy":"product_cat","embeddable":true,"href":"https:\/\/military-classic-auction.com\/en\/wp-json\/wp\/v2\/product_cat?post=19355"},{"taxonomy":"product_tag","embeddable":true,"href":"https:\/\/military-classic-auction.com\/en\/wp-json\/wp\/v2\/product_tag?post=19355"}],"curies":[{"name":"wp","href":"https:\/\/api.w.org\/{rel}","templated":true}]}}