{"id":19354,"date":"2025-12-18T13:46:53","date_gmt":"2025-12-18T11:46:53","guid":{"rendered":"https:\/\/military-classic-auction.com\/?post_type=product&#038;p=19354"},"modified":"2025-12-18T13:46:54","modified_gmt":"2025-12-18T11:46:54","slug":"4x4-lamborghini-lot-daccessoires-divers","status":"publish","type":"product","link":"https:\/\/military-classic-auction.com\/en\/product\/4x4-lamborghini-lot-daccessoires-divers\/","title":{"rendered":"4&#215;4 Lamborghini &#038; lot d&rsquo;accessoires divers"},"content":{"rendered":"<p>4&#215;4 Lamborghini &#038; lot d&rsquo;accessoires divers<br \/>\nEnsemble comprenant un 4&#215;4 Lamborghini LM, 4 boites Solido vides, avion de chasse Mecano, h\u00e9licopt\u00e8re, accessoires divers dont pompiers, remorque de Jeep, mitrailleuses, bidons&#8230;<br \/>\nEn l&rsquo;\u00e9tat, traces d&rsquo;usures sur l&rsquo;ensemble.<br \/>\n&#8211;<br \/>\n\u00ab\u00a0Lamborghini 4&#215;4 &#038; Assorted Accessories<br \/>\nSet includes a Lamborghini LM 4&#215;4, four empty Solido boxes, a Mecano fighter jet, a helicopter, and various accessories including a fire engine, a Jeep trailer, machine guns, jerrycans, etc.<br \/>\nAs is, with signs of wear throughout.\u00a0\u00bb<\/p>","protected":false},"excerpt":{"rendered":"<p>4&#215;4 Lamborghini &#038; lot d&rsquo;accessoires divers Ensemble comprenant un 4&#215;4 Lamborghini LM, 4 boites Solido vides, avion de chasse Mecano, h\u00e9licopt\u00e8re, accessoires divers dont pompiers, remorque de Jeep, mitrailleuses, bidons&#8230; En l&rsquo;\u00e9tat, traces d&rsquo;usures sur l&rsquo;ensemble. &#8211; \u00ab\u00a0Lamborghini 4&#215;4 &#038; Assorted Accessories Set includes a Lamborghini LM 4&#215;4, four empty Solido boxes, a Mecano fighter<a class=\"more-link\" href=\"https:\/\/military-classic-auction.com\/en\/product\/4x4-lamborghini-lot-daccessoires-divers\/\">Read more  &#10230;<\/a><\/p>","protected":false},"featured_media":18836,"template":"","meta":[],"product_brand":[],"product_cat":[85],"product_tag":[],"class_list":{"0":"post-19354","1":"product","2":"type-product","3":"status-publish","4":"has-post-thumbnail","6":"product_cat-the-vintage-military-toys","8":"first","9":"instock","10":"sold-individually","11":"purchasable","12":"product-type-auction"},"aioseo_notices":[],"_links":{"self":[{"href":"https:\/\/military-classic-auction.com\/en\/wp-json\/wp\/v2\/product\/19354","targetHints":{"allow":["GET"]}}],"collection":[{"href":"https:\/\/military-classic-auction.com\/en\/wp-json\/wp\/v2\/product"}],"about":[{"href":"https:\/\/military-classic-auction.com\/en\/wp-json\/wp\/v2\/types\/product"}],"wp:featuredmedia":[{"embeddable":true,"href":"https:\/\/military-classic-auction.com\/en\/wp-json\/wp\/v2\/media\/18836"}],"wp:attachment":[{"href":"https:\/\/military-classic-auction.com\/en\/wp-json\/wp\/v2\/media?parent=19354"}],"wp:term":[{"taxonomy":"product_brand","embeddable":true,"href":"https:\/\/military-classic-auction.com\/en\/wp-json\/wp\/v2\/product_brand?post=19354"},{"taxonomy":"product_cat","embeddable":true,"href":"https:\/\/military-classic-auction.com\/en\/wp-json\/wp\/v2\/product_cat?post=19354"},{"taxonomy":"product_tag","embeddable":true,"href":"https:\/\/military-classic-auction.com\/en\/wp-json\/wp\/v2\/product_tag?post=19354"}],"curies":[{"name":"wp","href":"https:\/\/api.w.org\/{rel}","templated":true}]}}