{"id":19350,"date":"2025-12-18T13:46:44","date_gmt":"2025-12-18T11:46:44","guid":{"rendered":"https:\/\/military-classic-auction.com\/?post_type=product&#038;p=19350"},"modified":"2025-12-18T13:46:45","modified_gmt":"2025-12-18T11:46:45","slug":"lot-de-6-vehicules-miniatures-sapeurs-pompiers","status":"publish","type":"product","link":"https:\/\/military-classic-auction.com\/en\/product\/lot-de-6-vehicules-miniatures-sapeurs-pompiers\/","title":{"rendered":"Lot de 6 v\u00e9hicules miniatures &#8211; Sapeurs Pompiers"},"content":{"rendered":"<p>Lot de 6 v\u00e9hicules miniatures &#8211; Sapeurs Pompiers<br \/>\nFabrication : Dinky Toys, Solido, Eligor<br \/>\n\u00c9chelle : 1\/43 &#8211; 1\/50<br \/>\nDont Delahaye, Citro\u00ebn, Juvaquatre&#8230;<br \/>\nDeux mod\u00e8les en boite d&rsquo;origine.<br \/>\nEn l&rsquo;\u00e9tat, usures, manques.<br \/>\n&#8211;<br \/>\n\u00ab\u00a0Set of 6 miniature fire engines<br \/>\nManufactured by: Dinky Toys, Solido, Eligor<br \/>\nScale: 1\/43 &#8211; 1\/50<br \/>\nIncludes Delahaye, Citro\u00ebn, Juvaquatre&#8230;<br \/>\nTwo models in their original boxes.<br \/>\nAs is, with wear and some missing parts.\u00a0\u00bb<\/p>","protected":false},"excerpt":{"rendered":"<p>Lot de 6 v\u00e9hicules miniatures &#8211; Sapeurs Pompiers Fabrication : Dinky Toys, Solido, Eligor \u00c9chelle : 1\/43 &#8211; 1\/50 Dont Delahaye, Citro\u00ebn, Juvaquatre&#8230; Deux mod\u00e8les en boite d&rsquo;origine. En l&rsquo;\u00e9tat, usures, manques. &#8211; \u00ab\u00a0Set of 6 miniature fire engines Manufactured by: Dinky Toys, Solido, Eligor Scale: 1\/43 &#8211; 1\/50 Includes Delahaye, Citro\u00ebn, Juvaquatre&#8230; Two models<a class=\"more-link\" href=\"https:\/\/military-classic-auction.com\/en\/product\/lot-de-6-vehicules-miniatures-sapeurs-pompiers\/\">Read more  &#10230;<\/a><\/p>","protected":false},"featured_media":18814,"template":"","meta":[],"product_brand":[],"product_cat":[85],"product_tag":[],"class_list":{"0":"post-19350","1":"product","2":"type-product","3":"status-publish","4":"has-post-thumbnail","6":"product_cat-the-vintage-military-toys","8":"first","9":"instock","10":"sold-individually","11":"purchasable","12":"product-type-auction"},"aioseo_notices":[],"_links":{"self":[{"href":"https:\/\/military-classic-auction.com\/en\/wp-json\/wp\/v2\/product\/19350","targetHints":{"allow":["GET"]}}],"collection":[{"href":"https:\/\/military-classic-auction.com\/en\/wp-json\/wp\/v2\/product"}],"about":[{"href":"https:\/\/military-classic-auction.com\/en\/wp-json\/wp\/v2\/types\/product"}],"wp:featuredmedia":[{"embeddable":true,"href":"https:\/\/military-classic-auction.com\/en\/wp-json\/wp\/v2\/media\/18814"}],"wp:attachment":[{"href":"https:\/\/military-classic-auction.com\/en\/wp-json\/wp\/v2\/media?parent=19350"}],"wp:term":[{"taxonomy":"product_brand","embeddable":true,"href":"https:\/\/military-classic-auction.com\/en\/wp-json\/wp\/v2\/product_brand?post=19350"},{"taxonomy":"product_cat","embeddable":true,"href":"https:\/\/military-classic-auction.com\/en\/wp-json\/wp\/v2\/product_cat?post=19350"},{"taxonomy":"product_tag","embeddable":true,"href":"https:\/\/military-classic-auction.com\/en\/wp-json\/wp\/v2\/product_tag?post=19350"}],"curies":[{"name":"wp","href":"https:\/\/api.w.org\/{rel}","templated":true}]}}