{"id":19349,"date":"2025-12-18T13:46:42","date_gmt":"2025-12-18T11:46:42","guid":{"rendered":"https:\/\/military-classic-auction.com\/?post_type=product&#038;p=19349"},"modified":"2025-12-18T13:46:43","modified_gmt":"2025-12-18T11:46:43","slug":"deux-jeep-willys-objectif-lune-tintin","status":"publish","type":"product","link":"https:\/\/military-classic-auction.com\/en\/product\/deux-jeep-willys-objectif-lune-tintin\/","title":{"rendered":"Deux Jeep Willys \u00ab\u00a0Objectif Lune &#8211; Tintin\u00a0\u00bb"},"content":{"rendered":"<p>Deux Jeep Willys \u00ab\u00a0Objectif Lune &#8211; Tintin\u00a0\u00bb<br \/>\nFabrication : Atlas<br \/>\n\u00c9chelle : 1\/43<br \/>\nR\u00e9f.: 2 118 001.<br \/>\nUn exemplaire en boite et plexiglas d&rsquo;origine (avec certificat d&rsquo;authenticit\u00e9).<br \/>\nEn l&rsquo;\u00e9tat, traces d&rsquo;usures.<br \/>\n&#8211;<br \/>\n\u00ab\u00a0Two Willys Jeeps \u00ab\u00a0\u00a0\u00bbDestination Moon &#8211; Tintin\u00a0\u00bb\u00a0\u00bb<br \/>\nManufacturer: Atlas<br \/>\nScale: 1\/43<br \/>\nRef.: 2 118 001.<br \/>\nOne example in its original box and plexiglass case (with certificate of authenticity).<br \/>\nAs is, with signs of wear.\u00a0\u00bb<\/p>","protected":false},"excerpt":{"rendered":"<p>Deux Jeep Willys \u00ab\u00a0Objectif Lune &#8211; Tintin\u00a0\u00bb Fabrication : Atlas \u00c9chelle : 1\/43 R\u00e9f.: 2 118 001. Un exemplaire en boite et plexiglas d&rsquo;origine (avec certificat d&rsquo;authenticit\u00e9). En l&rsquo;\u00e9tat, traces d&rsquo;usures. &#8211; \u00ab\u00a0Two Willys Jeeps \u00ab\u00a0\u00a0\u00bbDestination Moon &#8211; Tintin\u00a0\u00bb\u00a0\u00bb Manufacturer: Atlas Scale: 1\/43 Ref.: 2 118 001. One example in its original box and plexiglass<a class=\"more-link\" href=\"https:\/\/military-classic-auction.com\/en\/product\/deux-jeep-willys-objectif-lune-tintin\/\">Read more  &#10230;<\/a><\/p>","protected":false},"featured_media":18809,"template":"","meta":[],"product_brand":[],"product_cat":[85],"product_tag":[],"class_list":{"0":"post-19349","1":"product","2":"type-product","3":"status-publish","4":"has-post-thumbnail","6":"product_cat-the-vintage-military-toys","8":"first","9":"instock","10":"sold-individually","11":"purchasable","12":"product-type-auction"},"aioseo_notices":[],"_links":{"self":[{"href":"https:\/\/military-classic-auction.com\/en\/wp-json\/wp\/v2\/product\/19349","targetHints":{"allow":["GET"]}}],"collection":[{"href":"https:\/\/military-classic-auction.com\/en\/wp-json\/wp\/v2\/product"}],"about":[{"href":"https:\/\/military-classic-auction.com\/en\/wp-json\/wp\/v2\/types\/product"}],"wp:featuredmedia":[{"embeddable":true,"href":"https:\/\/military-classic-auction.com\/en\/wp-json\/wp\/v2\/media\/18809"}],"wp:attachment":[{"href":"https:\/\/military-classic-auction.com\/en\/wp-json\/wp\/v2\/media?parent=19349"}],"wp:term":[{"taxonomy":"product_brand","embeddable":true,"href":"https:\/\/military-classic-auction.com\/en\/wp-json\/wp\/v2\/product_brand?post=19349"},{"taxonomy":"product_cat","embeddable":true,"href":"https:\/\/military-classic-auction.com\/en\/wp-json\/wp\/v2\/product_cat?post=19349"},{"taxonomy":"product_tag","embeddable":true,"href":"https:\/\/military-classic-auction.com\/en\/wp-json\/wp\/v2\/product_tag?post=19349"}],"curies":[{"name":"wp","href":"https:\/\/api.w.org\/{rel}","templated":true}]}}