{"id":19346,"date":"2025-12-18T13:46:38","date_gmt":"2025-12-18T11:46:38","guid":{"rendered":"https:\/\/military-classic-auction.com\/?post_type=product&#038;p=19346"},"modified":"2025-12-18T13:46:39","modified_gmt":"2025-12-18T11:46:39","slug":"deux-vehicules-miniatures-union-sovietique","status":"publish","type":"product","link":"https:\/\/military-classic-auction.com\/en\/product\/deux-vehicules-miniatures-union-sovietique\/","title":{"rendered":"Deux v\u00e9hicules miniatures &#8211; Union Sovi\u00e8tique"},"content":{"rendered":"<p>Deux v\u00e9hicules miniatures &#8211; Union Sovi\u00e8tique<br \/>\nFabrication : Arat (Russie)<br \/>\n\u00c9chelle : 1\/43<br \/>\nEn boite d&rsquo;origine.<br \/>\n&#8211;<br \/>\n\u00ab\u00a0Two miniature vehicles &#8211; Soviet Union<br \/>\nManufactured in Arat (Russia)<br \/>\nScale: 1\/43<br \/>\nIn original box.\u00a0\u00bb<\/p>","protected":false},"excerpt":{"rendered":"<p>Deux v\u00e9hicules miniatures &#8211; Union Sovi\u00e8tique Fabrication : Arat (Russie) \u00c9chelle : 1\/43 En boite d&rsquo;origine. &#8211; \u00ab\u00a0Two miniature vehicles &#8211; Soviet Union Manufactured in Arat (Russia) Scale: 1\/43 In original box.\u00a0\u00bb<\/p>","protected":false},"featured_media":18796,"template":"","meta":[],"product_brand":[],"product_cat":[85],"product_tag":[],"class_list":{"0":"post-19346","1":"product","2":"type-product","3":"status-publish","4":"has-post-thumbnail","6":"product_cat-the-vintage-military-toys","8":"first","9":"instock","10":"sold-individually","11":"purchasable","12":"product-type-auction"},"aioseo_notices":[],"_links":{"self":[{"href":"https:\/\/military-classic-auction.com\/en\/wp-json\/wp\/v2\/product\/19346","targetHints":{"allow":["GET"]}}],"collection":[{"href":"https:\/\/military-classic-auction.com\/en\/wp-json\/wp\/v2\/product"}],"about":[{"href":"https:\/\/military-classic-auction.com\/en\/wp-json\/wp\/v2\/types\/product"}],"wp:featuredmedia":[{"embeddable":true,"href":"https:\/\/military-classic-auction.com\/en\/wp-json\/wp\/v2\/media\/18796"}],"wp:attachment":[{"href":"https:\/\/military-classic-auction.com\/en\/wp-json\/wp\/v2\/media?parent=19346"}],"wp:term":[{"taxonomy":"product_brand","embeddable":true,"href":"https:\/\/military-classic-auction.com\/en\/wp-json\/wp\/v2\/product_brand?post=19346"},{"taxonomy":"product_cat","embeddable":true,"href":"https:\/\/military-classic-auction.com\/en\/wp-json\/wp\/v2\/product_cat?post=19346"},{"taxonomy":"product_tag","embeddable":true,"href":"https:\/\/military-classic-auction.com\/en\/wp-json\/wp\/v2\/product_tag?post=19346"}],"curies":[{"name":"wp","href":"https:\/\/api.w.org\/{rel}","templated":true}]}}