{"id":19340,"date":"2025-12-18T13:46:26","date_gmt":"2025-12-18T11:46:26","guid":{"rendered":"https:\/\/military-classic-auction.com\/?post_type=product&#038;p=19340"},"modified":"2025-12-18T13:46:27","modified_gmt":"2025-12-18T11:46:27","slug":"deux-rouleaux-compresseurs-joustra","status":"publish","type":"product","link":"https:\/\/military-classic-auction.com\/en\/product\/deux-rouleaux-compresseurs-joustra\/","title":{"rendered":"Deux rouleaux compresseurs &#8211; JOUSTRA"},"content":{"rendered":"<p>Deux rouleaux compresseurs &#8211; JOUSTRA<br \/>\nFabrication fran\u00e7aise : Joustra<br \/>\nMod\u00e8les m\u00e9caniques en t\u00f4le, avec toit et conducteur.<br \/>\nVariantes jaune &#038; bleu.<br \/>\nTraces d&rsquo;usures, oxydation.<br \/>\n&#8211;<br \/>\n\u00ab\u00a0Two steamrollers &#8211; JOUSTRA<br \/>\nMade in France by Joustra<br \/>\nMechanical sheet metal models, with roof and driver.<br \/>\nYellow and blue variants.<br \/>\nSigns of wear and oxidation.\u00a0\u00bb<\/p>","protected":false},"excerpt":{"rendered":"<p>Deux rouleaux compresseurs &#8211; JOUSTRA Fabrication fran\u00e7aise : Joustra Mod\u00e8les m\u00e9caniques en t\u00f4le, avec toit et conducteur. Variantes jaune &#038; bleu. Traces d&rsquo;usures, oxydation. &#8211; \u00ab\u00a0Two steamrollers &#8211; JOUSTRA Made in France by Joustra Mechanical sheet metal models, with roof and driver. Yellow and blue variants. Signs of wear and oxidation.\u00a0\u00bb<\/p>","protected":false},"featured_media":18764,"template":"","meta":[],"product_brand":[],"product_cat":[85],"product_tag":[],"class_list":{"0":"post-19340","1":"product","2":"type-product","3":"status-publish","4":"has-post-thumbnail","6":"product_cat-the-vintage-military-toys","8":"first","9":"instock","10":"sold-individually","11":"purchasable","12":"product-type-auction"},"aioseo_notices":[],"_links":{"self":[{"href":"https:\/\/military-classic-auction.com\/en\/wp-json\/wp\/v2\/product\/19340","targetHints":{"allow":["GET"]}}],"collection":[{"href":"https:\/\/military-classic-auction.com\/en\/wp-json\/wp\/v2\/product"}],"about":[{"href":"https:\/\/military-classic-auction.com\/en\/wp-json\/wp\/v2\/types\/product"}],"wp:featuredmedia":[{"embeddable":true,"href":"https:\/\/military-classic-auction.com\/en\/wp-json\/wp\/v2\/media\/18764"}],"wp:attachment":[{"href":"https:\/\/military-classic-auction.com\/en\/wp-json\/wp\/v2\/media?parent=19340"}],"wp:term":[{"taxonomy":"product_brand","embeddable":true,"href":"https:\/\/military-classic-auction.com\/en\/wp-json\/wp\/v2\/product_brand?post=19340"},{"taxonomy":"product_cat","embeddable":true,"href":"https:\/\/military-classic-auction.com\/en\/wp-json\/wp\/v2\/product_cat?post=19340"},{"taxonomy":"product_tag","embeddable":true,"href":"https:\/\/military-classic-auction.com\/en\/wp-json\/wp\/v2\/product_tag?post=19340"}],"curies":[{"name":"wp","href":"https:\/\/api.w.org\/{rel}","templated":true}]}}