{"id":19339,"date":"2025-12-18T13:46:24","date_gmt":"2025-12-18T11:46:24","guid":{"rendered":"https:\/\/military-classic-auction.com\/?post_type=product&#038;p=19339"},"modified":"2025-12-18T13:46:25","modified_gmt":"2025-12-18T11:46:25","slug":"camion-mercedes-engins-de-travaux-publics","status":"publish","type":"product","link":"https:\/\/military-classic-auction.com\/en\/product\/camion-mercedes-engins-de-travaux-publics\/","title":{"rendered":"Camion Mercedes &#038; engins de travaux publics"},"content":{"rendered":"<p>Camion Mercedes &#038; engins de travaux publics<br \/>\nFabrication : Joal, Dinky Toys, Ertl<br \/>\nDont camion Mercedes Benz UNIMOG, Dumper Muir-Hill, Bulldozer&#8230;<br \/>\nOn y joint une remorque b\u00e2ch\u00e9e.<br \/>\nEn l&rsquo;\u00e9tat, usures.<br \/>\n&#8211;<br \/>\n\u00ab\u00a0Mercedes Truck &#038; Construction Equipment<br \/>\nManufactured by: Joal, Dinky Toys, Ertl<br \/>\nIncludes Mercedes-Benz Unimog truck, Muir-Hill dumper, bulldozer&#8230;<br \/>\nA covered trailer is included. As is, with some wear.\u00a0\u00bb<\/p>","protected":false},"excerpt":{"rendered":"<p>Camion Mercedes &#038; engins de travaux publics Fabrication : Joal, Dinky Toys, Ertl Dont camion Mercedes Benz UNIMOG, Dumper Muir-Hill, Bulldozer&#8230; On y joint une remorque b\u00e2ch\u00e9e. En l&rsquo;\u00e9tat, usures. &#8211; \u00ab\u00a0Mercedes Truck &#038; Construction Equipment Manufactured by: Joal, Dinky Toys, Ertl Includes Mercedes-Benz Unimog truck, Muir-Hill dumper, bulldozer&#8230; A covered trailer is included. As<a class=\"more-link\" href=\"https:\/\/military-classic-auction.com\/en\/product\/camion-mercedes-engins-de-travaux-publics\/\">Read more  &#10230;<\/a><\/p>","protected":false},"featured_media":18757,"template":"","meta":[],"product_brand":[],"product_cat":[85],"product_tag":[],"class_list":{"0":"post-19339","1":"product","2":"type-product","3":"status-publish","4":"has-post-thumbnail","6":"product_cat-the-vintage-military-toys","8":"first","9":"instock","10":"sold-individually","11":"purchasable","12":"product-type-auction"},"aioseo_notices":[],"_links":{"self":[{"href":"https:\/\/military-classic-auction.com\/en\/wp-json\/wp\/v2\/product\/19339","targetHints":{"allow":["GET"]}}],"collection":[{"href":"https:\/\/military-classic-auction.com\/en\/wp-json\/wp\/v2\/product"}],"about":[{"href":"https:\/\/military-classic-auction.com\/en\/wp-json\/wp\/v2\/types\/product"}],"wp:featuredmedia":[{"embeddable":true,"href":"https:\/\/military-classic-auction.com\/en\/wp-json\/wp\/v2\/media\/18757"}],"wp:attachment":[{"href":"https:\/\/military-classic-auction.com\/en\/wp-json\/wp\/v2\/media?parent=19339"}],"wp:term":[{"taxonomy":"product_brand","embeddable":true,"href":"https:\/\/military-classic-auction.com\/en\/wp-json\/wp\/v2\/product_brand?post=19339"},{"taxonomy":"product_cat","embeddable":true,"href":"https:\/\/military-classic-auction.com\/en\/wp-json\/wp\/v2\/product_cat?post=19339"},{"taxonomy":"product_tag","embeddable":true,"href":"https:\/\/military-classic-auction.com\/en\/wp-json\/wp\/v2\/product_tag?post=19339"}],"curies":[{"name":"wp","href":"https:\/\/api.w.org\/{rel}","templated":true}]}}