{"id":19335,"date":"2025-12-18T13:46:18","date_gmt":"2025-12-18T11:46:18","guid":{"rendered":"https:\/\/military-classic-auction.com\/?post_type=product&#038;p=19335"},"modified":"2025-12-18T13:46:19","modified_gmt":"2025-12-18T11:46:19","slug":"lot-de-9-vehicules-miniatures-etats-unis","status":"publish","type":"product","link":"https:\/\/military-classic-auction.com\/en\/product\/lot-de-9-vehicules-miniatures-etats-unis\/","title":{"rendered":"Lot de 9 v\u00e9hicules miniatures &#8211; \u00c9tats Unis"},"content":{"rendered":"<p>Lot de 9 v\u00e9hicules miniatures &#8211; \u00c9tats Unis<br \/>\nFabrication : Dinky Toys, Solido, Norev<br \/>\n\u00c9chelle : 1\/43<br \/>\nDont Lady Penelope&rsquo;s Fab 1 Thunderbirds, Chevrolet, Buick, Lincoln, Ford&#8230;<br \/>\nEn l&rsquo;\u00e9tat, usures, manques.<br \/>\n&#8211;<br \/>\n\u00ab\u00a0Lot of 9 miniature vehicles &#8211; United States<br \/>\nManufactured by: Dinky Toys, Solido, Norev<br \/>\nScale: 1\/43<br \/>\nIncludes Lady Penelope&rsquo;s Fab 1 Thunderbirds, Chevrolet, Buick, Lincoln, Ford&#8230;<br \/>\nAs is, with wear and tear, some parts missing.<br \/>\nIncludes Lady Penelope&rsquo;s Fab 1 Thunderbirds, Chevrolet, Buick, Lincoln, Ford&#8230;\u00a0\u00bb<\/p>","protected":false},"excerpt":{"rendered":"<p>Lot de 9 v\u00e9hicules miniatures &#8211; \u00c9tats Unis Fabrication : Dinky Toys, Solido, Norev \u00c9chelle : 1\/43 Dont Lady Penelope&rsquo;s Fab 1 Thunderbirds, Chevrolet, Buick, Lincoln, Ford&#8230; En l&rsquo;\u00e9tat, usures, manques. &#8211; \u00ab\u00a0Lot of 9 miniature vehicles &#8211; United States Manufactured by: Dinky Toys, Solido, Norev Scale: 1\/43 Includes Lady Penelope&rsquo;s Fab 1 Thunderbirds, Chevrolet,<a class=\"more-link\" href=\"https:\/\/military-classic-auction.com\/en\/product\/lot-de-9-vehicules-miniatures-etats-unis\/\">Read more  &#10230;<\/a><\/p>","protected":false},"featured_media":18735,"template":"","meta":[],"product_brand":[],"product_cat":[85],"product_tag":[],"class_list":{"0":"post-19335","1":"product","2":"type-product","3":"status-publish","4":"has-post-thumbnail","6":"product_cat-the-vintage-military-toys","8":"first","9":"instock","10":"sold-individually","11":"purchasable","12":"product-type-auction"},"aioseo_notices":[],"_links":{"self":[{"href":"https:\/\/military-classic-auction.com\/en\/wp-json\/wp\/v2\/product\/19335","targetHints":{"allow":["GET"]}}],"collection":[{"href":"https:\/\/military-classic-auction.com\/en\/wp-json\/wp\/v2\/product"}],"about":[{"href":"https:\/\/military-classic-auction.com\/en\/wp-json\/wp\/v2\/types\/product"}],"wp:featuredmedia":[{"embeddable":true,"href":"https:\/\/military-classic-auction.com\/en\/wp-json\/wp\/v2\/media\/18735"}],"wp:attachment":[{"href":"https:\/\/military-classic-auction.com\/en\/wp-json\/wp\/v2\/media?parent=19335"}],"wp:term":[{"taxonomy":"product_brand","embeddable":true,"href":"https:\/\/military-classic-auction.com\/en\/wp-json\/wp\/v2\/product_brand?post=19335"},{"taxonomy":"product_cat","embeddable":true,"href":"https:\/\/military-classic-auction.com\/en\/wp-json\/wp\/v2\/product_cat?post=19335"},{"taxonomy":"product_tag","embeddable":true,"href":"https:\/\/military-classic-auction.com\/en\/wp-json\/wp\/v2\/product_tag?post=19335"}],"curies":[{"name":"wp","href":"https:\/\/api.w.org\/{rel}","templated":true}]}}