{"id":19330,"date":"2025-12-18T13:46:06","date_gmt":"2025-12-18T11:46:06","guid":{"rendered":"https:\/\/military-classic-auction.com\/?post_type=product&#038;p=19330"},"modified":"2025-12-21T19:44:19","modified_gmt":"2025-12-21T17:44:19","slug":"lot-de-13-vehicules-miniatures-1920-1940-rolls-royce-delahaye-cord-l29","status":"publish","type":"product","link":"https:\/\/military-classic-auction.com\/en\/product\/lot-de-13-vehicules-miniatures-1920-1940-rolls-royce-delahaye-cord-l29\/","title":{"rendered":"Lot de 13 v\u00e9hicules miniatures 1920\/1940 &#8211; Rolls Royce, Delahaye, Cord L29&#8230;"},"content":{"rendered":"<p>Lot de 13 v\u00e9hicules miniatures 1920\/1940 &#8211; Rolls Royce, Delahaye, Cord L29&#8230;<br \/>\nFabrication : Solido<br \/>\n\u00c9chelle : 1\/43<br \/>\nSur socle et avec boite plexiglas, dont 3 mod\u00e8les en boite carton d&rsquo;origine.<br \/>\n2 v\u00e9hicules sans boite ni socle.<br \/>\nEn l&rsquo;\u00e9tat, traces d&rsquo;usures.<br \/>\n&#8211;<br \/>\n\u00ab\u00a0Lot of 13 miniature vehicles from 1920-1940 &#8211; Rolls Royce, Delahaye, Cord L29&#8230;<br \/>\nManufacturer: Solido<br \/>\nScale: 1\/43<br \/>\nOn bases and with plexiglass boxes, including 3 models in their original cardboard boxes.<br \/>\n2 vehicles without boxes or bases.<br \/>\nAs is, with signs of wear.\u00a0\u00bb<\/p>","protected":false},"excerpt":{"rendered":"<p>Lot de 13 v\u00e9hicules miniatures 1920\/1940 &#8211; Rolls Royce, Delahaye, Cord L29&#8230; Fabrication : Solido \u00c9chelle : 1\/43 Sur socle et avec boite plexiglas, dont 3 mod\u00e8les en boite carton d&rsquo;origine. 2 v\u00e9hicules sans boite ni socle. En l&rsquo;\u00e9tat, traces d&rsquo;usures. &#8211; \u00ab\u00a0Lot of 13 miniature vehicles from 1920-1940 &#8211; Rolls Royce, Delahaye, Cord L29&#8230;<a class=\"more-link\" href=\"https:\/\/military-classic-auction.com\/en\/product\/lot-de-13-vehicules-miniatures-1920-1940-rolls-royce-delahaye-cord-l29\/\">Read more  &#10230;<\/a><\/p>","protected":false},"featured_media":18711,"template":"","meta":[],"product_brand":[],"product_cat":[85],"product_tag":[],"class_list":{"0":"post-19330","1":"product","2":"type-product","3":"status-publish","4":"has-post-thumbnail","6":"product_cat-the-vintage-military-toys","8":"first","9":"instock","10":"sold-individually","11":"purchasable","12":"product-type-auction"},"aioseo_notices":[],"_links":{"self":[{"href":"https:\/\/military-classic-auction.com\/en\/wp-json\/wp\/v2\/product\/19330","targetHints":{"allow":["GET"]}}],"collection":[{"href":"https:\/\/military-classic-auction.com\/en\/wp-json\/wp\/v2\/product"}],"about":[{"href":"https:\/\/military-classic-auction.com\/en\/wp-json\/wp\/v2\/types\/product"}],"wp:featuredmedia":[{"embeddable":true,"href":"https:\/\/military-classic-auction.com\/en\/wp-json\/wp\/v2\/media\/18711"}],"wp:attachment":[{"href":"https:\/\/military-classic-auction.com\/en\/wp-json\/wp\/v2\/media?parent=19330"}],"wp:term":[{"taxonomy":"product_brand","embeddable":true,"href":"https:\/\/military-classic-auction.com\/en\/wp-json\/wp\/v2\/product_brand?post=19330"},{"taxonomy":"product_cat","embeddable":true,"href":"https:\/\/military-classic-auction.com\/en\/wp-json\/wp\/v2\/product_cat?post=19330"},{"taxonomy":"product_tag","embeddable":true,"href":"https:\/\/military-classic-auction.com\/en\/wp-json\/wp\/v2\/product_tag?post=19330"}],"curies":[{"name":"wp","href":"https:\/\/api.w.org\/{rel}","templated":true}]}}