{"id":19327,"date":"2025-12-18T13:46:01","date_gmt":"2025-12-18T11:46:01","guid":{"rendered":"https:\/\/military-classic-auction.com\/?post_type=product&#038;p=19327"},"modified":"2025-12-26T19:00:53","modified_gmt":"2025-12-26T17:00:53","slug":"automitrailleuse-italienne-ab-41","status":"publish","type":"product","link":"https:\/\/military-classic-auction.com\/en\/product\/automitrailleuse-italienne-ab-41\/","title":{"rendered":"Automitrailleuse italienne AB-41"},"content":{"rendered":"<p>Automitrailleuse italienne AB-41<br \/>\nFabrication : Quarter Kit Mod\u00e8le Shop<br \/>\nEn m\u00e9tal et plastique.<br \/>\nRef. GAS50071M<br \/>\nEn boite d&rsquo;origine.<br \/>\nEn l&rsquo;\u00e9tat, traces d&rsquo;usures.<br \/>\n&#8211;<br \/>\n\u00ab\u00a0Italian AB-41 Armored Car<br \/>\nManufactured by Quarter Kit Model Shop<br \/>\nMade of metal and plastic.<br \/>\nRef. GAS50071M<br \/>\nIn original box.<br \/>\nAs is, with signs of wear.\u00a0\u00bb<\/p>","protected":false},"excerpt":{"rendered":"<p>Automitrailleuse italienne AB-41 Fabrication : Quarter Kit Mod\u00e8le Shop En m\u00e9tal et plastique. Ref. GAS50071M En boite d&rsquo;origine. En l&rsquo;\u00e9tat, traces d&rsquo;usures. &#8211; \u00ab\u00a0Italian AB-41 Armored Car Manufactured by Quarter Kit Model Shop Made of metal and plastic. Ref. GAS50071M In original box. As is, with signs of wear.\u00a0\u00bb<\/p>","protected":false},"featured_media":18693,"template":"","meta":[],"product_brand":[],"product_cat":[85],"product_tag":[],"class_list":{"0":"post-19327","1":"product","2":"type-product","3":"status-publish","4":"has-post-thumbnail","6":"product_cat-the-vintage-military-toys","8":"first","9":"instock","10":"sold-individually","11":"purchasable","12":"product-type-auction"},"aioseo_notices":[],"_links":{"self":[{"href":"https:\/\/military-classic-auction.com\/en\/wp-json\/wp\/v2\/product\/19327","targetHints":{"allow":["GET"]}}],"collection":[{"href":"https:\/\/military-classic-auction.com\/en\/wp-json\/wp\/v2\/product"}],"about":[{"href":"https:\/\/military-classic-auction.com\/en\/wp-json\/wp\/v2\/types\/product"}],"wp:featuredmedia":[{"embeddable":true,"href":"https:\/\/military-classic-auction.com\/en\/wp-json\/wp\/v2\/media\/18693"}],"wp:attachment":[{"href":"https:\/\/military-classic-auction.com\/en\/wp-json\/wp\/v2\/media?parent=19327"}],"wp:term":[{"taxonomy":"product_brand","embeddable":true,"href":"https:\/\/military-classic-auction.com\/en\/wp-json\/wp\/v2\/product_brand?post=19327"},{"taxonomy":"product_cat","embeddable":true,"href":"https:\/\/military-classic-auction.com\/en\/wp-json\/wp\/v2\/product_cat?post=19327"},{"taxonomy":"product_tag","embeddable":true,"href":"https:\/\/military-classic-auction.com\/en\/wp-json\/wp\/v2\/product_tag?post=19327"}],"curies":[{"name":"wp","href":"https:\/\/api.w.org\/{rel}","templated":true}]}}