{"id":19322,"date":"2025-12-18T13:45:51","date_gmt":"2025-12-18T11:45:51","guid":{"rendered":"https:\/\/military-classic-auction.com\/?post_type=product&#038;p=19322"},"modified":"2025-12-18T13:45:52","modified_gmt":"2025-12-18T11:45:52","slug":"cadillac-blindee-dal-capone","status":"publish","type":"product","link":"https:\/\/military-classic-auction.com\/en\/product\/cadillac-blindee-dal-capone\/","title":{"rendered":"Cadillac blind\u00e9e d&rsquo;Al Capone"},"content":{"rendered":"<p>Cadillac blind\u00e9e d&rsquo;Al Capone<br \/>\nFabrication : Franklin Mint Precision Models<br \/>\nMod\u00e8le : Cadillac V16 Imperial Sedan<br \/>\n\u00c9chelle : 1\/24<br \/>\nAvec certificat d&rsquo;authenticit\u00e9.<br \/>\nEn l&rsquo;\u00e9tat, traces d&rsquo;usures.<br \/>\n&#8211;<br \/>\n\u00ab\u00a0Al Capone&rsquo;s armored Cadillac<br \/>\nManufacturer: Franklin Mint Precision Models<br \/>\nModel: Cadillac V16 Imperial Sedan<br \/>\nScale: 1\/24<br \/>\nWith certificate of authenticity.<br \/>\nAs is, with signs of wear.\u00a0\u00bb<\/p>","protected":false},"excerpt":{"rendered":"<p>Cadillac blind\u00e9e d&rsquo;Al Capone Fabrication : Franklin Mint Precision Models Mod\u00e8le : Cadillac V16 Imperial Sedan \u00c9chelle : 1\/24 Avec certificat d&rsquo;authenticit\u00e9. En l&rsquo;\u00e9tat, traces d&rsquo;usures. &#8211; \u00ab\u00a0Al Capone&rsquo;s armored Cadillac Manufacturer: Franklin Mint Precision Models Model: Cadillac V16 Imperial Sedan Scale: 1\/24 With certificate of authenticity. As is, with signs of wear.\u00a0\u00bb<\/p>","protected":false},"featured_media":18662,"template":"","meta":[],"product_brand":[],"product_cat":[85],"product_tag":[],"class_list":{"0":"post-19322","1":"product","2":"type-product","3":"status-publish","4":"has-post-thumbnail","6":"product_cat-the-vintage-military-toys","8":"first","9":"instock","10":"sold-individually","11":"purchasable","12":"product-type-auction"},"aioseo_notices":[],"_links":{"self":[{"href":"https:\/\/military-classic-auction.com\/en\/wp-json\/wp\/v2\/product\/19322","targetHints":{"allow":["GET"]}}],"collection":[{"href":"https:\/\/military-classic-auction.com\/en\/wp-json\/wp\/v2\/product"}],"about":[{"href":"https:\/\/military-classic-auction.com\/en\/wp-json\/wp\/v2\/types\/product"}],"wp:featuredmedia":[{"embeddable":true,"href":"https:\/\/military-classic-auction.com\/en\/wp-json\/wp\/v2\/media\/18662"}],"wp:attachment":[{"href":"https:\/\/military-classic-auction.com\/en\/wp-json\/wp\/v2\/media?parent=19322"}],"wp:term":[{"taxonomy":"product_brand","embeddable":true,"href":"https:\/\/military-classic-auction.com\/en\/wp-json\/wp\/v2\/product_brand?post=19322"},{"taxonomy":"product_cat","embeddable":true,"href":"https:\/\/military-classic-auction.com\/en\/wp-json\/wp\/v2\/product_cat?post=19322"},{"taxonomy":"product_tag","embeddable":true,"href":"https:\/\/military-classic-auction.com\/en\/wp-json\/wp\/v2\/product_tag?post=19322"}],"curies":[{"name":"wp","href":"https:\/\/api.w.org\/{rel}","templated":true}]}}