{"id":19318,"date":"2025-12-18T13:45:41","date_gmt":"2025-12-18T11:45:41","guid":{"rendered":"https:\/\/military-classic-auction.com\/?post_type=product&#038;p=19318"},"modified":"2025-12-18T13:45:42","modified_gmt":"2025-12-18T11:45:42","slug":"deux-engins-blindes","status":"publish","type":"product","link":"https:\/\/military-classic-auction.com\/en\/product\/deux-engins-blindes\/","title":{"rendered":"Deux engins blind\u00e9s"},"content":{"rendered":"<p>Deux engins blind\u00e9s<br \/>\nFabrication : Joustra<br \/>\nEn t\u00f4le, mod\u00e8les \u00e0 roues.<br \/>\nUn char lance-missiles.<br \/>\nLongueur : 27cm<br \/>\n(En l&rsquo;\u00e9tat, traces d&rsquo;usures, manques)<br \/>\n&#8211;<br \/>\n\u00ab\u00a0Two armored vehicles<br \/>\nManufactured by Joustra<br \/>\nMade of sheet metal, wheeled models.<br \/>\nOne missile tank.<br \/>\nLength: 27 cm<br \/>\n(As is, with signs of wear and some missing parts)\u00a0\u00bb<\/p>","protected":false},"excerpt":{"rendered":"<p>Deux engins blind\u00e9s Fabrication : Joustra En t\u00f4le, mod\u00e8les \u00e0 roues. Un char lance-missiles. Longueur : 27cm (En l&rsquo;\u00e9tat, traces d&rsquo;usures, manques) &#8211; \u00ab\u00a0Two armored vehicles Manufactured by Joustra Made of sheet metal, wheeled models. One missile tank. Length: 27 cm (As is, with signs of wear and some missing parts)\u00a0\u00bb<\/p>","protected":false},"featured_media":18636,"template":"","meta":[],"product_brand":[],"product_cat":[85],"product_tag":[],"class_list":{"0":"post-19318","1":"product","2":"type-product","3":"status-publish","4":"has-post-thumbnail","6":"product_cat-the-vintage-military-toys","8":"first","9":"instock","10":"sold-individually","11":"purchasable","12":"product-type-auction"},"aioseo_notices":[],"_links":{"self":[{"href":"https:\/\/military-classic-auction.com\/en\/wp-json\/wp\/v2\/product\/19318","targetHints":{"allow":["GET"]}}],"collection":[{"href":"https:\/\/military-classic-auction.com\/en\/wp-json\/wp\/v2\/product"}],"about":[{"href":"https:\/\/military-classic-auction.com\/en\/wp-json\/wp\/v2\/types\/product"}],"wp:featuredmedia":[{"embeddable":true,"href":"https:\/\/military-classic-auction.com\/en\/wp-json\/wp\/v2\/media\/18636"}],"wp:attachment":[{"href":"https:\/\/military-classic-auction.com\/en\/wp-json\/wp\/v2\/media?parent=19318"}],"wp:term":[{"taxonomy":"product_brand","embeddable":true,"href":"https:\/\/military-classic-auction.com\/en\/wp-json\/wp\/v2\/product_brand?post=19318"},{"taxonomy":"product_cat","embeddable":true,"href":"https:\/\/military-classic-auction.com\/en\/wp-json\/wp\/v2\/product_cat?post=19318"},{"taxonomy":"product_tag","embeddable":true,"href":"https:\/\/military-classic-auction.com\/en\/wp-json\/wp\/v2\/product_tag?post=19318"}],"curies":[{"name":"wp","href":"https:\/\/api.w.org\/{rel}","templated":true}]}}