{"id":19317,"date":"2025-12-18T13:45:39","date_gmt":"2025-12-18T11:45:39","guid":{"rendered":"https:\/\/military-classic-auction.com\/?post_type=product&#038;p=19317"},"modified":"2025-12-18T13:45:40","modified_gmt":"2025-12-18T11:45:40","slug":"char-dassaut-lorraine","status":"publish","type":"product","link":"https:\/\/military-classic-auction.com\/en\/product\/char-dassaut-lorraine\/","title":{"rendered":"Char d&rsquo;assaut \u00ab\u00a0Lorraine\u00a0\u00bb"},"content":{"rendered":"<p>Char d&rsquo;assaut \u00ab\u00a0Lorraine\u00a0\u00bb<br \/>\nFabrication : Joustra<br \/>\nEn t\u00f4le, mod\u00e8le \u00e0 8 roues.<br \/>\nLongueur : 27cm<br \/>\n(En l&rsquo;\u00e9tat, traces d&rsquo;usures)<br \/>\n&#8211;<br \/>\n\u00ab\u00a0Lorraine\u00a0\u00bb Tank<br \/>\nManufactured by Joustra<br \/>\nMade of sheet metal, 8-wheeled model.<br \/>\nLength: 27 cm<br \/>\n(As is, with signs of wear)\u00a0\u00bb<\/p>","protected":false},"excerpt":{"rendered":"<p>Char d&rsquo;assaut \u00ab\u00a0Lorraine\u00a0\u00bb Fabrication : Joustra En t\u00f4le, mod\u00e8le \u00e0 8 roues. Longueur : 27cm (En l&rsquo;\u00e9tat, traces d&rsquo;usures) &#8211; \u00ab\u00a0Lorraine\u00a0\u00bb Tank Manufactured by Joustra Made of sheet metal, 8-wheeled model. Length: 27 cm (As is, with signs of wear)\u00a0\u00bb<\/p>","protected":false},"featured_media":18628,"template":"","meta":[],"product_brand":[],"product_cat":[85],"product_tag":[],"class_list":{"0":"post-19317","1":"product","2":"type-product","3":"status-publish","4":"has-post-thumbnail","6":"product_cat-the-vintage-military-toys","8":"first","9":"instock","10":"sold-individually","11":"purchasable","12":"product-type-auction"},"aioseo_notices":[],"_links":{"self":[{"href":"https:\/\/military-classic-auction.com\/en\/wp-json\/wp\/v2\/product\/19317","targetHints":{"allow":["GET"]}}],"collection":[{"href":"https:\/\/military-classic-auction.com\/en\/wp-json\/wp\/v2\/product"}],"about":[{"href":"https:\/\/military-classic-auction.com\/en\/wp-json\/wp\/v2\/types\/product"}],"wp:featuredmedia":[{"embeddable":true,"href":"https:\/\/military-classic-auction.com\/en\/wp-json\/wp\/v2\/media\/18628"}],"wp:attachment":[{"href":"https:\/\/military-classic-auction.com\/en\/wp-json\/wp\/v2\/media?parent=19317"}],"wp:term":[{"taxonomy":"product_brand","embeddable":true,"href":"https:\/\/military-classic-auction.com\/en\/wp-json\/wp\/v2\/product_brand?post=19317"},{"taxonomy":"product_cat","embeddable":true,"href":"https:\/\/military-classic-auction.com\/en\/wp-json\/wp\/v2\/product_cat?post=19317"},{"taxonomy":"product_tag","embeddable":true,"href":"https:\/\/military-classic-auction.com\/en\/wp-json\/wp\/v2\/product_tag?post=19317"}],"curies":[{"name":"wp","href":"https:\/\/api.w.org\/{rel}","templated":true}]}}