{"id":19316,"date":"2025-12-18T13:45:36","date_gmt":"2025-12-18T11:45:36","guid":{"rendered":"https:\/\/military-classic-auction.com\/?post_type=product&#038;p=19316"},"modified":"2025-12-18T13:45:38","modified_gmt":"2025-12-18T11:45:38","slug":"quatre-vehicules-blindes","status":"publish","type":"product","link":"https:\/\/military-classic-auction.com\/en\/product\/quatre-vehicules-blindes\/","title":{"rendered":"Quatre v\u00e9hicules blind\u00e9s"},"content":{"rendered":"<p>Quatre v\u00e9hicules blind\u00e9s<br \/>\nFabrication : Joustra &#038; chinoise<br \/>\nComprenant trois chars d&rsquo;assaut dont TF-56 , MF-779 et tank N\u00b010 Tchad.<br \/>\nOn y joint une auto mitrailleuse blind\u00e9e.<br \/>\nPlusieurs traces d&rsquo;usures et manques.<br \/>\n&#8211;<br \/>\n\u00ab\u00a0Four armored vehicles<br \/>\nManufactured by Joustra and China<br \/>\nIncluding three tanks: TF-56, MF-779, and Tank No. 10 Chad.<br \/>\nAlso included is an armored machine gun car.<br \/>\nSeveral signs of wear and missing parts.\u00a0\u00bb<\/p>","protected":false},"excerpt":{"rendered":"<p>Quatre v\u00e9hicules blind\u00e9s Fabrication : Joustra &#038; chinoise Comprenant trois chars d&rsquo;assaut dont TF-56 , MF-779 et tank N\u00b010 Tchad. On y joint une auto mitrailleuse blind\u00e9e. Plusieurs traces d&rsquo;usures et manques. &#8211; \u00ab\u00a0Four armored vehicles Manufactured by Joustra and China Including three tanks: TF-56, MF-779, and Tank No. 10 Chad. Also included is an<a class=\"more-link\" href=\"https:\/\/military-classic-auction.com\/en\/product\/quatre-vehicules-blindes\/\">Read more  &#10230;<\/a><\/p>","protected":false},"featured_media":18624,"template":"","meta":[],"product_brand":[],"product_cat":[85],"product_tag":[],"class_list":{"0":"post-19316","1":"product","2":"type-product","3":"status-publish","4":"has-post-thumbnail","6":"product_cat-the-vintage-military-toys","8":"first","9":"instock","10":"sold-individually","11":"purchasable","12":"product-type-auction"},"aioseo_notices":[],"_links":{"self":[{"href":"https:\/\/military-classic-auction.com\/en\/wp-json\/wp\/v2\/product\/19316","targetHints":{"allow":["GET"]}}],"collection":[{"href":"https:\/\/military-classic-auction.com\/en\/wp-json\/wp\/v2\/product"}],"about":[{"href":"https:\/\/military-classic-auction.com\/en\/wp-json\/wp\/v2\/types\/product"}],"wp:featuredmedia":[{"embeddable":true,"href":"https:\/\/military-classic-auction.com\/en\/wp-json\/wp\/v2\/media\/18624"}],"wp:attachment":[{"href":"https:\/\/military-classic-auction.com\/en\/wp-json\/wp\/v2\/media?parent=19316"}],"wp:term":[{"taxonomy":"product_brand","embeddable":true,"href":"https:\/\/military-classic-auction.com\/en\/wp-json\/wp\/v2\/product_brand?post=19316"},{"taxonomy":"product_cat","embeddable":true,"href":"https:\/\/military-classic-auction.com\/en\/wp-json\/wp\/v2\/product_cat?post=19316"},{"taxonomy":"product_tag","embeddable":true,"href":"https:\/\/military-classic-auction.com\/en\/wp-json\/wp\/v2\/product_tag?post=19316"}],"curies":[{"name":"wp","href":"https:\/\/api.w.org\/{rel}","templated":true}]}}