{"id":19315,"date":"2025-12-18T13:45:34","date_gmt":"2025-12-18T11:45:34","guid":{"rendered":"https:\/\/military-classic-auction.com\/?post_type=product&#038;p=19315"},"modified":"2025-12-18T13:45:35","modified_gmt":"2025-12-18T11:45:35","slug":"char-dassaut-camoufle","status":"publish","type":"product","link":"https:\/\/military-classic-auction.com\/en\/product\/char-dassaut-camoufle\/","title":{"rendered":"Char d&rsquo;assaut camoufl\u00e9"},"content":{"rendered":"<p>Char d&rsquo;assaut camoufl\u00e9<br \/>\nFabrication fran\u00e7aise : Joustra<br \/>\nImmatricul\u00e9 : 173-RT<br \/>\nEn t\u00f4le peinte, chenilles en caoutchouc en mauvais \u00e9tat.<br \/>\nAvec pilote.<br \/>\nLongueur : 24cm<br \/>\nLargeur : 12,5cm<br \/>\n(En l&rsquo;\u00e9tat, traces d&rsquo;usures)<br \/>\n&#8211;<br \/>\n\u00ab\u00a0Camouflaged Tank<br \/>\nMade in France by Joustra<br \/>\nRegistration: 173-RT<br \/>\nPainted sheet metal, rubber tracks in poor condition.<br \/>\nWith driver.<br \/>\nLength: 24 cm<br \/>\nWidth: 12.5 cm<br \/>\n(As is, with signs of wear)\u00a0\u00bb<\/p>","protected":false},"excerpt":{"rendered":"<p>Char d&rsquo;assaut camoufl\u00e9 Fabrication fran\u00e7aise : Joustra Immatricul\u00e9 : 173-RT En t\u00f4le peinte, chenilles en caoutchouc en mauvais \u00e9tat. Avec pilote. Longueur : 24cm Largeur : 12,5cm (En l&rsquo;\u00e9tat, traces d&rsquo;usures) &#8211; \u00ab\u00a0Camouflaged Tank Made in France by Joustra Registration: 173-RT Painted sheet metal, rubber tracks in poor condition. With driver. Length: 24 cm Width:<a class=\"more-link\" href=\"https:\/\/military-classic-auction.com\/en\/product\/char-dassaut-camoufle\/\">Read more  &#10230;<\/a><\/p>","protected":false},"featured_media":18608,"template":"","meta":[],"product_brand":[],"product_cat":[85],"product_tag":[],"class_list":{"0":"post-19315","1":"product","2":"type-product","3":"status-publish","4":"has-post-thumbnail","6":"product_cat-the-vintage-military-toys","8":"first","9":"instock","10":"sold-individually","11":"purchasable","12":"product-type-auction"},"aioseo_notices":[],"_links":{"self":[{"href":"https:\/\/military-classic-auction.com\/en\/wp-json\/wp\/v2\/product\/19315","targetHints":{"allow":["GET"]}}],"collection":[{"href":"https:\/\/military-classic-auction.com\/en\/wp-json\/wp\/v2\/product"}],"about":[{"href":"https:\/\/military-classic-auction.com\/en\/wp-json\/wp\/v2\/types\/product"}],"wp:featuredmedia":[{"embeddable":true,"href":"https:\/\/military-classic-auction.com\/en\/wp-json\/wp\/v2\/media\/18608"}],"wp:attachment":[{"href":"https:\/\/military-classic-auction.com\/en\/wp-json\/wp\/v2\/media?parent=19315"}],"wp:term":[{"taxonomy":"product_brand","embeddable":true,"href":"https:\/\/military-classic-auction.com\/en\/wp-json\/wp\/v2\/product_brand?post=19315"},{"taxonomy":"product_cat","embeddable":true,"href":"https:\/\/military-classic-auction.com\/en\/wp-json\/wp\/v2\/product_cat?post=19315"},{"taxonomy":"product_tag","embeddable":true,"href":"https:\/\/military-classic-auction.com\/en\/wp-json\/wp\/v2\/product_tag?post=19315"}],"curies":[{"name":"wp","href":"https:\/\/api.w.org\/{rel}","templated":true}]}}