{"id":19314,"date":"2025-12-18T13:45:32","date_gmt":"2025-12-18T11:45:32","guid":{"rendered":"https:\/\/military-classic-auction.com\/?post_type=product&#038;p=19314"},"modified":"2025-12-18T13:45:33","modified_gmt":"2025-12-18T11:45:33","slug":"char-type-renault-ft-17","status":"publish","type":"product","link":"https:\/\/military-classic-auction.com\/en\/product\/char-type-renault-ft-17\/","title":{"rendered":"Char Type Renault FT-17"},"content":{"rendered":"<p>Char Type Renault FT-17<br \/>\nEn t\u00f4le peinte camoufl\u00e9e, chenilles en caoutchouc.<br \/>\nLongueur : 45cm<br \/>\nHauteur : 18,5cm<br \/>\nEn l&rsquo;\u00e9tat, traces d&rsquo;usures.<br \/>\n&#8211;<br \/>\n\u00ab\u00a0Renault FT-17 Tank<br \/>\nMade of painted camouflage sheet metal, with rubber tracks.<br \/>\nLength: 45cm<br \/>\nHeight: 18.5cm<br \/>\nAs is, with signs of wear.\u00a0\u00bb<\/p>","protected":false},"excerpt":{"rendered":"<p>Char Type Renault FT-17 En t\u00f4le peinte camoufl\u00e9e, chenilles en caoutchouc. Longueur : 45cm Hauteur : 18,5cm En l&rsquo;\u00e9tat, traces d&rsquo;usures. &#8211; \u00ab\u00a0Renault FT-17 Tank Made of painted camouflage sheet metal, with rubber tracks. Length: 45cm Height: 18.5cm As is, with signs of wear.\u00a0\u00bb<\/p>","protected":false},"featured_media":18605,"template":"","meta":[],"product_brand":[],"product_cat":[85],"product_tag":[],"class_list":{"0":"post-19314","1":"product","2":"type-product","3":"status-publish","4":"has-post-thumbnail","6":"product_cat-the-vintage-military-toys","8":"first","9":"instock","10":"sold-individually","11":"purchasable","12":"product-type-auction"},"aioseo_notices":[],"_links":{"self":[{"href":"https:\/\/military-classic-auction.com\/en\/wp-json\/wp\/v2\/product\/19314","targetHints":{"allow":["GET"]}}],"collection":[{"href":"https:\/\/military-classic-auction.com\/en\/wp-json\/wp\/v2\/product"}],"about":[{"href":"https:\/\/military-classic-auction.com\/en\/wp-json\/wp\/v2\/types\/product"}],"wp:featuredmedia":[{"embeddable":true,"href":"https:\/\/military-classic-auction.com\/en\/wp-json\/wp\/v2\/media\/18605"}],"wp:attachment":[{"href":"https:\/\/military-classic-auction.com\/en\/wp-json\/wp\/v2\/media?parent=19314"}],"wp:term":[{"taxonomy":"product_brand","embeddable":true,"href":"https:\/\/military-classic-auction.com\/en\/wp-json\/wp\/v2\/product_brand?post=19314"},{"taxonomy":"product_cat","embeddable":true,"href":"https:\/\/military-classic-auction.com\/en\/wp-json\/wp\/v2\/product_cat?post=19314"},{"taxonomy":"product_tag","embeddable":true,"href":"https:\/\/military-classic-auction.com\/en\/wp-json\/wp\/v2\/product_tag?post=19314"}],"curies":[{"name":"wp","href":"https:\/\/api.w.org\/{rel}","templated":true}]}}