{"id":19312,"date":"2025-12-18T13:45:28","date_gmt":"2025-12-18T11:45:28","guid":{"rendered":"https:\/\/military-classic-auction.com\/?post_type=product&#038;p=19312"},"modified":"2025-12-18T13:45:29","modified_gmt":"2025-12-18T11:45:29","slug":"trois-vehicules-camoufles-remorques","status":"publish","type":"product","link":"https:\/\/military-classic-auction.com\/en\/product\/trois-vehicules-camoufles-remorques\/","title":{"rendered":"Trois v\u00e9hicules camoufl\u00e9s &#038; remorques"},"content":{"rendered":"<p>Trois v\u00e9hicules camoufl\u00e9s &#038; remorques<br \/>\nFabrication : Solido<br \/>\nDont Citroen Traction FFI, Jeep Mercedes Auto-Union &#038; remorque, Panhard AML.<br \/>\nAvec remorque et porte bateau.<br \/>\nEn plastique &#038; m\u00e9tal.<br \/>\nSans boites.<br \/>\n(En l&rsquo;\u00e9tat, traces d&rsquo;usures, manques)<br \/>\n&#8211;<br \/>\n\u00ab\u00a0Three camouflaged vehicles &#038; trailers<br \/>\nManufactured by Solido<br \/>\nIncludes Citro\u00ebn Traction FFI, Jeep Mercedes Auto-Union &#038; trailer, and Panhard AML.<br \/>\nWith trailer and boat trailer.<br \/>\nMade of plastic &#038; metal.<br \/>\nNo boxes.<br \/>\n(As is, with signs of wear and some missing parts)\u00a0\u00bb<\/p>","protected":false},"excerpt":{"rendered":"<p>Trois v\u00e9hicules camoufl\u00e9s &#038; remorques Fabrication : Solido Dont Citroen Traction FFI, Jeep Mercedes Auto-Union &#038; remorque, Panhard AML. Avec remorque et porte bateau. En plastique &#038; m\u00e9tal. Sans boites. (En l&rsquo;\u00e9tat, traces d&rsquo;usures, manques) &#8211; \u00ab\u00a0Three camouflaged vehicles &#038; trailers Manufactured by Solido Includes Citro\u00ebn Traction FFI, Jeep Mercedes Auto-Union &#038; trailer, and Panhard<a class=\"more-link\" href=\"https:\/\/military-classic-auction.com\/en\/product\/trois-vehicules-camoufles-remorques\/\">Read more  &#10230;<\/a><\/p>","protected":false},"featured_media":18596,"template":"","meta":[],"product_brand":[],"product_cat":[85],"product_tag":[],"class_list":{"0":"post-19312","1":"product","2":"type-product","3":"status-publish","4":"has-post-thumbnail","6":"product_cat-the-vintage-military-toys","8":"first","9":"instock","10":"sold-individually","11":"purchasable","12":"product-type-auction"},"aioseo_notices":[],"_links":{"self":[{"href":"https:\/\/military-classic-auction.com\/en\/wp-json\/wp\/v2\/product\/19312","targetHints":{"allow":["GET"]}}],"collection":[{"href":"https:\/\/military-classic-auction.com\/en\/wp-json\/wp\/v2\/product"}],"about":[{"href":"https:\/\/military-classic-auction.com\/en\/wp-json\/wp\/v2\/types\/product"}],"wp:featuredmedia":[{"embeddable":true,"href":"https:\/\/military-classic-auction.com\/en\/wp-json\/wp\/v2\/media\/18596"}],"wp:attachment":[{"href":"https:\/\/military-classic-auction.com\/en\/wp-json\/wp\/v2\/media?parent=19312"}],"wp:term":[{"taxonomy":"product_brand","embeddable":true,"href":"https:\/\/military-classic-auction.com\/en\/wp-json\/wp\/v2\/product_brand?post=19312"},{"taxonomy":"product_cat","embeddable":true,"href":"https:\/\/military-classic-auction.com\/en\/wp-json\/wp\/v2\/product_cat?post=19312"},{"taxonomy":"product_tag","embeddable":true,"href":"https:\/\/military-classic-auction.com\/en\/wp-json\/wp\/v2\/product_tag?post=19312"}],"curies":[{"name":"wp","href":"https:\/\/api.w.org\/{rel}","templated":true}]}}