{"id":19305,"date":"2025-12-18T13:45:10","date_gmt":"2025-12-18T11:45:10","guid":{"rendered":"https:\/\/military-classic-auction.com\/?post_type=product&#038;p=19305"},"modified":"2026-01-02T17:25:26","modified_gmt":"2026-01-02T15:25:26","slug":"camion-porte-chars-deux-chars-amx-armee-francaise","status":"publish","type":"product","link":"https:\/\/military-classic-auction.com\/en\/product\/camion-porte-chars-deux-chars-amx-armee-francaise\/","title":{"rendered":"Camion porte-chars &#038; deux chars AMX &#8211; Arm\u00e9e Fran\u00e7aise"},"content":{"rendered":"<p>Camion porte-chars &#038; deux chars AMX &#8211; Arm\u00e9e Fran\u00e7aise<br \/>\nFabrication : Dinky Toys , Solido<br \/>\nDont Berliet porte-chars, char AMX 13T, Char AMX 30T.<br \/>\nEn plastique &#038; m\u00e9tal.<br \/>\nSans boites.<br \/>\n(En l&rsquo;\u00e9tat, traces d&rsquo;usures, manques)<br \/>\n&#8211;<br \/>\n\u00ab\u00a0Tank transporter truck &#038; two AMX tanks &#8211; French Army<br \/>\nManufactured by Dinky Toys and Solido<br \/>\nIncludes a Berliet tank transporter, an AMX 13T tank, and an AMX 30T tank.<br \/>\nMade of plastic and metal.<br \/>\nNo boxes.<br \/>\n(As is, with signs of wear and some missing parts)\u00a0\u00bb<\/p>","protected":false},"excerpt":{"rendered":"<p>Camion porte-chars &#038; deux chars AMX &#8211; Arm\u00e9e Fran\u00e7aise Fabrication : Dinky Toys , Solido Dont Berliet porte-chars, char AMX 13T, Char AMX 30T. En plastique &#038; m\u00e9tal. Sans boites. (En l&rsquo;\u00e9tat, traces d&rsquo;usures, manques) &#8211; \u00ab\u00a0Tank transporter truck &#038; two AMX tanks &#8211; French Army Manufactured by Dinky Toys and Solido Includes a Berliet<a class=\"more-link\" href=\"https:\/\/military-classic-auction.com\/en\/product\/camion-porte-chars-deux-chars-amx-armee-francaise\/\">Read more  &#10230;<\/a><\/p>","protected":false},"featured_media":18554,"template":"","meta":[],"product_brand":[],"product_cat":[85],"product_tag":[],"class_list":{"0":"post-19305","1":"product","2":"type-product","3":"status-publish","4":"has-post-thumbnail","6":"product_cat-the-vintage-military-toys","8":"first","9":"instock","10":"sold-individually","11":"purchasable","12":"product-type-auction"},"aioseo_notices":[],"_links":{"self":[{"href":"https:\/\/military-classic-auction.com\/en\/wp-json\/wp\/v2\/product\/19305","targetHints":{"allow":["GET"]}}],"collection":[{"href":"https:\/\/military-classic-auction.com\/en\/wp-json\/wp\/v2\/product"}],"about":[{"href":"https:\/\/military-classic-auction.com\/en\/wp-json\/wp\/v2\/types\/product"}],"wp:featuredmedia":[{"embeddable":true,"href":"https:\/\/military-classic-auction.com\/en\/wp-json\/wp\/v2\/media\/18554"}],"wp:attachment":[{"href":"https:\/\/military-classic-auction.com\/en\/wp-json\/wp\/v2\/media?parent=19305"}],"wp:term":[{"taxonomy":"product_brand","embeddable":true,"href":"https:\/\/military-classic-auction.com\/en\/wp-json\/wp\/v2\/product_brand?post=19305"},{"taxonomy":"product_cat","embeddable":true,"href":"https:\/\/military-classic-auction.com\/en\/wp-json\/wp\/v2\/product_cat?post=19305"},{"taxonomy":"product_tag","embeddable":true,"href":"https:\/\/military-classic-auction.com\/en\/wp-json\/wp\/v2\/product_tag?post=19305"}],"curies":[{"name":"wp","href":"https:\/\/api.w.org\/{rel}","templated":true}]}}