{"id":19303,"date":"2025-12-18T13:45:05","date_gmt":"2025-12-18T11:45:05","guid":{"rendered":"https:\/\/military-classic-auction.com\/?post_type=product&#038;p=19303"},"modified":"2025-12-21T14:53:58","modified_gmt":"2025-12-21T12:53:58","slug":"lot-de-cinq-vehicules-armee-francaise-4","status":"publish","type":"product","link":"https:\/\/military-classic-auction.com\/en\/product\/lot-de-cinq-vehicules-armee-francaise-4\/","title":{"rendered":"Lot de cinq v\u00e9hicules &#8211; Arm\u00e9e Fran\u00e7aise"},"content":{"rendered":"<p>Lot de cinq v\u00e9hicules &#8211; Arm\u00e9e Fran\u00e7aise<br \/>\nFabrication : Dinky Toys , Solido<br \/>\nDont Simca-Unic 4&#215;4, VAB 6&#215;6, Renault 4&#215;4, Berliet Gazelle.<br \/>\nEn plastique &#038; m\u00e9tal.<br \/>\nSans boites.<br \/>\n(En l&rsquo;\u00e9tat, traces d&rsquo;usures, manques)<br \/>\n&#8211;<br \/>\n\u00ab\u00a0Lot of five vehicles &#8211; French Army<br \/>\nManufactured by: Dinky Toys, Solido<br \/>\nIncludes: Simca-Unic 4&#215;4, VAB 6&#215;6, Renault 4&#215;4, Berliet Gazelle.<br \/>\nMade of plastic and metal.<br \/>\nNo boxes.<br \/>\n(As is, with signs of wear and some missing parts)\u00a0\u00bb<\/p>","protected":false},"excerpt":{"rendered":"<p>Lot de cinq v\u00e9hicules &#8211; Arm\u00e9e Fran\u00e7aise Fabrication : Dinky Toys , Solido Dont Simca-Unic 4&#215;4, VAB 6&#215;6, Renault 4&#215;4, Berliet Gazelle. En plastique &#038; m\u00e9tal. Sans boites. (En l&rsquo;\u00e9tat, traces d&rsquo;usures, manques) &#8211; \u00ab\u00a0Lot of five vehicles &#8211; French Army Manufactured by: Dinky Toys, Solido Includes: Simca-Unic 4&#215;4, VAB 6&#215;6, Renault 4&#215;4, Berliet Gazelle.<a class=\"more-link\" href=\"https:\/\/military-classic-auction.com\/en\/product\/lot-de-cinq-vehicules-armee-francaise-4\/\">Read more  &#10230;<\/a><\/p>","protected":false},"featured_media":18542,"template":"","meta":[],"product_brand":[],"product_cat":[85],"product_tag":[],"class_list":{"0":"post-19303","1":"product","2":"type-product","3":"status-publish","4":"has-post-thumbnail","6":"product_cat-the-vintage-military-toys","8":"first","9":"instock","10":"sold-individually","11":"purchasable","12":"product-type-auction"},"aioseo_notices":[],"_links":{"self":[{"href":"https:\/\/military-classic-auction.com\/en\/wp-json\/wp\/v2\/product\/19303","targetHints":{"allow":["GET"]}}],"collection":[{"href":"https:\/\/military-classic-auction.com\/en\/wp-json\/wp\/v2\/product"}],"about":[{"href":"https:\/\/military-classic-auction.com\/en\/wp-json\/wp\/v2\/types\/product"}],"wp:featuredmedia":[{"embeddable":true,"href":"https:\/\/military-classic-auction.com\/en\/wp-json\/wp\/v2\/media\/18542"}],"wp:attachment":[{"href":"https:\/\/military-classic-auction.com\/en\/wp-json\/wp\/v2\/media?parent=19303"}],"wp:term":[{"taxonomy":"product_brand","embeddable":true,"href":"https:\/\/military-classic-auction.com\/en\/wp-json\/wp\/v2\/product_brand?post=19303"},{"taxonomy":"product_cat","embeddable":true,"href":"https:\/\/military-classic-auction.com\/en\/wp-json\/wp\/v2\/product_cat?post=19303"},{"taxonomy":"product_tag","embeddable":true,"href":"https:\/\/military-classic-auction.com\/en\/wp-json\/wp\/v2\/product_tag?post=19303"}],"curies":[{"name":"wp","href":"https:\/\/api.w.org\/{rel}","templated":true}]}}