{"id":19300,"date":"2025-12-18T13:44:53","date_gmt":"2025-12-18T11:44:53","guid":{"rendered":"https:\/\/military-classic-auction.com\/?post_type=product&#038;p=19300"},"modified":"2026-01-01T18:37:37","modified_gmt":"2026-01-01T16:37:37","slug":"lot-de-cinq-vehicules-armee-francaise","status":"publish","type":"product","link":"https:\/\/military-classic-auction.com\/en\/product\/lot-de-cinq-vehicules-armee-francaise\/","title":{"rendered":"Lot de cinq v\u00e9hicules &#8211; Arm\u00e9e Fran\u00e7aise"},"content":{"rendered":"<p>Lot de cinq v\u00e9hicules &#8211; Arm\u00e9e Fran\u00e7aise<br \/>\nFabrication : Dinky Toys , Solido<br \/>\nDont Simca-Unic 4&#215;4, FL10 Panhard, Panhard AML, E.B.R. Panhard, Char AMX 30T.<br \/>\nEn plastique &#038; m\u00e9tal.<br \/>\nSans boites.<br \/>\n(En l&rsquo;\u00e9tat, traces d&rsquo;usures, manques)<br \/>\n&#8211;<br \/>\n\u00ab\u00a0Lot of five vehicles &#8211; French Army<br \/>\nManufactured by: Dinky Toys, Solido<br \/>\nIncludes: Simca-Unic 4&#215;4, Panhard FL10, Panhard AML, Panhard EBR, AMX 30T tank.<br \/>\nMade of plastic and metal.<br \/>\nNo boxes.<br \/>\n(As is, with signs of wear and some missing parts)\u00a0\u00bb<\/p>","protected":false},"excerpt":{"rendered":"<p>Lot de cinq v\u00e9hicules &#8211; Arm\u00e9e Fran\u00e7aise Fabrication : Dinky Toys , Solido Dont Simca-Unic 4&#215;4, FL10 Panhard, Panhard AML, E.B.R. Panhard, Char AMX 30T. En plastique &#038; m\u00e9tal. Sans boites. (En l&rsquo;\u00e9tat, traces d&rsquo;usures, manques) &#8211; \u00ab\u00a0Lot of five vehicles &#8211; French Army Manufactured by: Dinky Toys, Solido Includes: Simca-Unic 4&#215;4, Panhard FL10, Panhard<a class=\"more-link\" href=\"https:\/\/military-classic-auction.com\/en\/product\/lot-de-cinq-vehicules-armee-francaise\/\">Read more  &#10230;<\/a><\/p>","protected":false},"featured_media":18522,"template":"","meta":[],"product_brand":[],"product_cat":[85],"product_tag":[],"class_list":{"0":"post-19300","1":"product","2":"type-product","3":"status-publish","4":"has-post-thumbnail","6":"product_cat-the-vintage-military-toys","8":"first","9":"instock","10":"sold-individually","11":"purchasable","12":"product-type-auction"},"aioseo_notices":[],"_links":{"self":[{"href":"https:\/\/military-classic-auction.com\/en\/wp-json\/wp\/v2\/product\/19300","targetHints":{"allow":["GET"]}}],"collection":[{"href":"https:\/\/military-classic-auction.com\/en\/wp-json\/wp\/v2\/product"}],"about":[{"href":"https:\/\/military-classic-auction.com\/en\/wp-json\/wp\/v2\/types\/product"}],"wp:featuredmedia":[{"embeddable":true,"href":"https:\/\/military-classic-auction.com\/en\/wp-json\/wp\/v2\/media\/18522"}],"wp:attachment":[{"href":"https:\/\/military-classic-auction.com\/en\/wp-json\/wp\/v2\/media?parent=19300"}],"wp:term":[{"taxonomy":"product_brand","embeddable":true,"href":"https:\/\/military-classic-auction.com\/en\/wp-json\/wp\/v2\/product_brand?post=19300"},{"taxonomy":"product_cat","embeddable":true,"href":"https:\/\/military-classic-auction.com\/en\/wp-json\/wp\/v2\/product_cat?post=19300"},{"taxonomy":"product_tag","embeddable":true,"href":"https:\/\/military-classic-auction.com\/en\/wp-json\/wp\/v2\/product_tag?post=19300"}],"curies":[{"name":"wp","href":"https:\/\/api.w.org\/{rel}","templated":true}]}}