{"id":19287,"date":"2025-12-18T13:44:28","date_gmt":"2025-12-18T11:44:28","guid":{"rendered":"https:\/\/military-classic-auction.com\/?post_type=product&#038;p=19287"},"modified":"2025-12-21T14:47:48","modified_gmt":"2025-12-21T12:47:48","slug":"deux-vehicules-us-army-edition-overlord-89-4","status":"publish","type":"product","link":"https:\/\/military-classic-auction.com\/en\/product\/deux-vehicules-us-army-edition-overlord-89-4\/","title":{"rendered":"Deux v\u00e9hicules US Army &#8211; \u00c9dition Overlord 89"},"content":{"rendered":"<p>Deux v\u00e9hicules US Army &#8211; \u00c9dition Overlord 89<br \/>\nFabrication : Solido<br \/>\nType : Dodge Ambulance &#038; Half-Track<br \/>\n\u00c9dition limit\u00e9e France MVCG OVERLORD 89.<br \/>\nEn m\u00e9tal &#038; plastique.<br \/>\nDans leur boite d&rsquo;origine.<br \/>\n(Traces d&rsquo;usures)<br \/>\n&#8211;<br \/>\n\u00ab\u00a0Two US Army vehicles &#8211; Overlord 89 Edition<br \/>\nManufacturer: Solido<br \/>\nType: Dodge Ambulance &#038; Half-Track<br \/>\nLimited French Edition MVCG OVERLORD 89.<br \/>\nMade of metal and plastic.<br \/>\nIn their original box.<br \/>\n(Signs of wear)\u00a0\u00bb<\/p>","protected":false},"excerpt":{"rendered":"<p>Deux v\u00e9hicules US Army &#8211; \u00c9dition Overlord 89 Fabrication : Solido Type : Dodge Ambulance &#038; Half-Track \u00c9dition limit\u00e9e France MVCG OVERLORD 89. En m\u00e9tal &#038; plastique. Dans leur boite d&rsquo;origine. (Traces d&rsquo;usures) &#8211; \u00ab\u00a0Two US Army vehicles &#8211; Overlord 89 Edition Manufacturer: Solido Type: Dodge Ambulance &#038; Half-Track Limited French Edition MVCG OVERLORD 89.<a class=\"more-link\" href=\"https:\/\/military-classic-auction.com\/en\/product\/deux-vehicules-us-army-edition-overlord-89-4\/\">Read more  &#10230;<\/a><\/p>","protected":false},"featured_media":18441,"template":"","meta":[],"product_brand":[],"product_cat":[85],"product_tag":[],"class_list":{"0":"post-19287","1":"product","2":"type-product","3":"status-publish","4":"has-post-thumbnail","6":"product_cat-the-vintage-military-toys","8":"first","9":"instock","10":"sold-individually","11":"purchasable","12":"product-type-auction"},"aioseo_notices":[],"_links":{"self":[{"href":"https:\/\/military-classic-auction.com\/en\/wp-json\/wp\/v2\/product\/19287","targetHints":{"allow":["GET"]}}],"collection":[{"href":"https:\/\/military-classic-auction.com\/en\/wp-json\/wp\/v2\/product"}],"about":[{"href":"https:\/\/military-classic-auction.com\/en\/wp-json\/wp\/v2\/types\/product"}],"wp:featuredmedia":[{"embeddable":true,"href":"https:\/\/military-classic-auction.com\/en\/wp-json\/wp\/v2\/media\/18441"}],"wp:attachment":[{"href":"https:\/\/military-classic-auction.com\/en\/wp-json\/wp\/v2\/media?parent=19287"}],"wp:term":[{"taxonomy":"product_brand","embeddable":true,"href":"https:\/\/military-classic-auction.com\/en\/wp-json\/wp\/v2\/product_brand?post=19287"},{"taxonomy":"product_cat","embeddable":true,"href":"https:\/\/military-classic-auction.com\/en\/wp-json\/wp\/v2\/product_cat?post=19287"},{"taxonomy":"product_tag","embeddable":true,"href":"https:\/\/military-classic-auction.com\/en\/wp-json\/wp\/v2\/product_tag?post=19287"}],"curies":[{"name":"wp","href":"https:\/\/api.w.org\/{rel}","templated":true}]}}