{"id":19282,"date":"2025-12-18T13:44:20","date_gmt":"2025-12-18T11:44:20","guid":{"rendered":"https:\/\/military-classic-auction.com\/?post_type=product&#038;p=19282"},"modified":"2025-12-21T14:44:58","modified_gmt":"2025-12-21T12:44:58","slug":"vehicule-de-reconnaissance-am20-us-army","status":"publish","type":"product","link":"https:\/\/military-classic-auction.com\/en\/product\/vehicule-de-reconnaissance-am20-us-army\/","title":{"rendered":"V\u00e9hicule de reconnaissance AM20 &#8211; US Army"},"content":{"rendered":"<p>V\u00e9hicule de reconnaissance AM20 &#8211; US Army<br \/>\nFabrication : Solido<br \/>\n\u00c9chelle : 1\/50<br \/>\n\u00c9dition limit\u00e9e 50\u00e8me anniversaire du d\u00e9barquement 1944-1994.<br \/>\nN\u00b06104<br \/>\nEn m\u00e9tal &#038; plastique.<br \/>\nDans sa boite d&rsquo;origine.<br \/>\n(Traces d&rsquo;usures)<br \/>\n&#8211;<br \/>\n\u00ab\u00a0AM20 Reconnaissance Vehicle &#8211; US Army<br \/>\nManufacturer: Solido<br \/>\nScale: 1\/50<br \/>\nLimited Edition, 50th Anniversary of the D-Day Landings (1944-1994).<br \/>\nNo. 6104<br \/>\nMade of metal and plastic.<br \/>\nIn its original box.<br \/>\n(Signs of wear)\u00a0\u00bb<\/p>","protected":false},"excerpt":{"rendered":"<p>V\u00e9hicule de reconnaissance AM20 &#8211; US Army Fabrication : Solido \u00c9chelle : 1\/50 \u00c9dition limit\u00e9e 50\u00e8me anniversaire du d\u00e9barquement 1944-1994. N\u00b06104 En m\u00e9tal &#038; plastique. Dans sa boite d&rsquo;origine. (Traces d&rsquo;usures) &#8211; \u00ab\u00a0AM20 Reconnaissance Vehicle &#8211; US Army Manufacturer: Solido Scale: 1\/50 Limited Edition, 50th Anniversary of the D-Day Landings (1944-1994). No. 6104 Made of<a class=\"more-link\" href=\"https:\/\/military-classic-auction.com\/en\/product\/vehicule-de-reconnaissance-am20-us-army\/\">Read more  &#10230;<\/a><\/p>","protected":false},"featured_media":18414,"template":"","meta":[],"product_brand":[],"product_cat":[85],"product_tag":[],"class_list":{"0":"post-19282","1":"product","2":"type-product","3":"status-publish","4":"has-post-thumbnail","6":"product_cat-the-vintage-military-toys","8":"first","9":"instock","10":"sold-individually","11":"purchasable","12":"product-type-auction"},"aioseo_notices":[],"_links":{"self":[{"href":"https:\/\/military-classic-auction.com\/en\/wp-json\/wp\/v2\/product\/19282","targetHints":{"allow":["GET"]}}],"collection":[{"href":"https:\/\/military-classic-auction.com\/en\/wp-json\/wp\/v2\/product"}],"about":[{"href":"https:\/\/military-classic-auction.com\/en\/wp-json\/wp\/v2\/types\/product"}],"wp:featuredmedia":[{"embeddable":true,"href":"https:\/\/military-classic-auction.com\/en\/wp-json\/wp\/v2\/media\/18414"}],"wp:attachment":[{"href":"https:\/\/military-classic-auction.com\/en\/wp-json\/wp\/v2\/media?parent=19282"}],"wp:term":[{"taxonomy":"product_brand","embeddable":true,"href":"https:\/\/military-classic-auction.com\/en\/wp-json\/wp\/v2\/product_brand?post=19282"},{"taxonomy":"product_cat","embeddable":true,"href":"https:\/\/military-classic-auction.com\/en\/wp-json\/wp\/v2\/product_cat?post=19282"},{"taxonomy":"product_tag","embeddable":true,"href":"https:\/\/military-classic-auction.com\/en\/wp-json\/wp\/v2\/product_tag?post=19282"}],"curies":[{"name":"wp","href":"https:\/\/api.w.org\/{rel}","templated":true}]}}