{"id":19281,"date":"2025-12-18T13:44:18","date_gmt":"2025-12-18T11:44:18","guid":{"rendered":"https:\/\/military-classic-auction.com\/?post_type=product&#038;p=19281"},"modified":"2025-12-21T14:43:52","modified_gmt":"2025-12-21T12:43:52","slug":"deux-helico-gazelle-armee-francaise","status":"publish","type":"product","link":"https:\/\/military-classic-auction.com\/en\/product\/deux-helico-gazelle-armee-francaise\/","title":{"rendered":"Deux h\u00e9lico-Gazelle &#8211; Arm\u00e9e Fran\u00e7aise"},"content":{"rendered":"<p>Deux h\u00e9lico-Gazelle &#8211; Arm\u00e9e Fran\u00e7aise<br \/>\nFabrication : Solido<br \/>\nN\u00b03815<br \/>\n\u00c9chelle : 1\/55<br \/>\nEn m\u00e9tal &#038; plastique.<br \/>\nUn exemplaire dans sa boite d&rsquo;origine.<br \/>\n(En l&rsquo;\u00e9tat, traces d&rsquo;usures)<br \/>\n&#8211;<br \/>\n\u00ab\u00a0Two Gazelle helicopters &#8211; French Army<br \/>\nManufactured by Solido<br \/>\nNo. 3815<br \/>\nScale: 1\/55<br \/>\nMade of metal and plastic.<br \/>\nOne model in its original box.<br \/>\n(As is, with signs of wear)\u00a0\u00bb<\/p>","protected":false},"excerpt":{"rendered":"<p>Deux h\u00e9lico-Gazelle &#8211; Arm\u00e9e Fran\u00e7aise Fabrication : Solido N\u00b03815 \u00c9chelle : 1\/55 En m\u00e9tal &#038; plastique. Un exemplaire dans sa boite d&rsquo;origine. (En l&rsquo;\u00e9tat, traces d&rsquo;usures) &#8211; \u00ab\u00a0Two Gazelle helicopters &#8211; French Army Manufactured by Solido No. 3815 Scale: 1\/55 Made of metal and plastic. One model in its original box. (As is, with signs<a class=\"more-link\" href=\"https:\/\/military-classic-auction.com\/en\/product\/deux-helico-gazelle-armee-francaise\/\">Read more  &#10230;<\/a><\/p>","protected":false},"featured_media":18410,"template":"","meta":[],"product_brand":[],"product_cat":[85],"product_tag":[],"class_list":{"0":"post-19281","1":"product","2":"type-product","3":"status-publish","4":"has-post-thumbnail","6":"product_cat-the-vintage-military-toys","8":"first","9":"instock","10":"sold-individually","11":"purchasable","12":"product-type-auction"},"aioseo_notices":[],"_links":{"self":[{"href":"https:\/\/military-classic-auction.com\/en\/wp-json\/wp\/v2\/product\/19281","targetHints":{"allow":["GET"]}}],"collection":[{"href":"https:\/\/military-classic-auction.com\/en\/wp-json\/wp\/v2\/product"}],"about":[{"href":"https:\/\/military-classic-auction.com\/en\/wp-json\/wp\/v2\/types\/product"}],"wp:featuredmedia":[{"embeddable":true,"href":"https:\/\/military-classic-auction.com\/en\/wp-json\/wp\/v2\/media\/18410"}],"wp:attachment":[{"href":"https:\/\/military-classic-auction.com\/en\/wp-json\/wp\/v2\/media?parent=19281"}],"wp:term":[{"taxonomy":"product_brand","embeddable":true,"href":"https:\/\/military-classic-auction.com\/en\/wp-json\/wp\/v2\/product_brand?post=19281"},{"taxonomy":"product_cat","embeddable":true,"href":"https:\/\/military-classic-auction.com\/en\/wp-json\/wp\/v2\/product_cat?post=19281"},{"taxonomy":"product_tag","embeddable":true,"href":"https:\/\/military-classic-auction.com\/en\/wp-json\/wp\/v2\/product_tag?post=19281"}],"curies":[{"name":"wp","href":"https:\/\/api.w.org\/{rel}","templated":true}]}}