{"id":19280,"date":"2025-12-18T13:44:14","date_gmt":"2025-12-18T11:44:14","guid":{"rendered":"https:\/\/military-classic-auction.com\/?post_type=product&#038;p=19280"},"modified":"2025-12-21T14:43:12","modified_gmt":"2025-12-21T12:43:12","slug":"dodge-command-car-us-army","status":"publish","type":"product","link":"https:\/\/military-classic-auction.com\/en\/product\/dodge-command-car-us-army\/","title":{"rendered":"Dodge Command Car &#8211; US Army"},"content":{"rendered":"<p>Dodge Command Car &#8211; US Army<br \/>\nFabrication : Solido<br \/>\n\u00c9chelle : 1\/50<br \/>\n\u00c9dition 50\u00e8me anniversaire du d\u00e9barquement 1944-1994.<br \/>\nEn m\u00e9tal &#038; plastique.<br \/>\nDans sa boite d&rsquo;origine.<br \/>\n(Traces d&rsquo;usures)<br \/>\n&#8211;<br \/>\n\u00ab\u00a0Dodge Command Car &#8211; US Army<br \/>\nManufacturer: Solido<br \/>\nScale: 1\/50<br \/>\n50th Anniversary Edition of the D-Day Landings (1944-1994).<br \/>\nMade of metal and plastic.<br \/>\nIn its original box.<br \/>\n(Signs of wear)\u00a0\u00bb<\/p>","protected":false},"excerpt":{"rendered":"<p>Dodge Command Car &#8211; US Army Fabrication : Solido \u00c9chelle : 1\/50 \u00c9dition 50\u00e8me anniversaire du d\u00e9barquement 1944-1994. En m\u00e9tal &#038; plastique. Dans sa boite d&rsquo;origine. (Traces d&rsquo;usures) &#8211; \u00ab\u00a0Dodge Command Car &#8211; US Army Manufacturer: Solido Scale: 1\/50 50th Anniversary Edition of the D-Day Landings (1944-1994). Made of metal and plastic. In its original<a class=\"more-link\" href=\"https:\/\/military-classic-auction.com\/en\/product\/dodge-command-car-us-army\/\">Read more  &#10230;<\/a><\/p>","protected":false},"featured_media":18407,"template":"","meta":[],"product_brand":[],"product_cat":[85],"product_tag":[],"class_list":{"0":"post-19280","1":"product","2":"type-product","3":"status-publish","4":"has-post-thumbnail","6":"product_cat-the-vintage-military-toys","8":"first","9":"instock","10":"sold-individually","11":"purchasable","12":"product-type-auction"},"aioseo_notices":[],"_links":{"self":[{"href":"https:\/\/military-classic-auction.com\/en\/wp-json\/wp\/v2\/product\/19280","targetHints":{"allow":["GET"]}}],"collection":[{"href":"https:\/\/military-classic-auction.com\/en\/wp-json\/wp\/v2\/product"}],"about":[{"href":"https:\/\/military-classic-auction.com\/en\/wp-json\/wp\/v2\/types\/product"}],"wp:featuredmedia":[{"embeddable":true,"href":"https:\/\/military-classic-auction.com\/en\/wp-json\/wp\/v2\/media\/18407"}],"wp:attachment":[{"href":"https:\/\/military-classic-auction.com\/en\/wp-json\/wp\/v2\/media?parent=19280"}],"wp:term":[{"taxonomy":"product_brand","embeddable":true,"href":"https:\/\/military-classic-auction.com\/en\/wp-json\/wp\/v2\/product_brand?post=19280"},{"taxonomy":"product_cat","embeddable":true,"href":"https:\/\/military-classic-auction.com\/en\/wp-json\/wp\/v2\/product_cat?post=19280"},{"taxonomy":"product_tag","embeddable":true,"href":"https:\/\/military-classic-auction.com\/en\/wp-json\/wp\/v2\/product_tag?post=19280"}],"curies":[{"name":"wp","href":"https:\/\/api.w.org\/{rel}","templated":true}]}}