{"id":19278,"date":"2025-12-18T13:44:12","date_gmt":"2025-12-18T11:44:12","guid":{"rendered":"https:\/\/military-classic-auction.com\/?post_type=product&#038;p=19278"},"modified":"2026-01-02T23:27:17","modified_gmt":"2026-01-02T21:27:17","slug":"char-amx-30-avec-systeme-darme-pluton-armee-francaise","status":"publish","type":"product","link":"https:\/\/military-classic-auction.com\/en\/product\/char-amx-30-avec-systeme-darme-pluton-armee-francaise\/","title":{"rendered":"Char AMX 30 avec syst\u00e8me d&rsquo;arme Pluton &#8211; Arm\u00e9e Fran\u00e7aise"},"content":{"rendered":"<p>Char AMX 30 avec syst\u00e8me d&rsquo;arme Pluton &#8211; Arm\u00e9e Fran\u00e7aise<br \/>\nFabrication : Solido<br \/>\n\u00c9chelle : 1\/50<br \/>\nN\u00b0238<br \/>\nEn m\u00e9tal &#038; plastique.<br \/>\nDans sa boite d&rsquo;origine.<br \/>\n(Traces d&rsquo;usures, non fonctionnel)<br \/>\n&#8211;<br \/>\n\u00ab\u00a0AMX 30 tank with Pluton weapon system &#8211; French Army<br \/>\nManufacturer: Solido<br \/>\nScale: 1\/50<br \/>\nNo. 238<br \/>\nMade of metal and plastic.<br \/>\nIn its original box.<br \/>\n(Signs of wear, not functional)\u00a0\u00bb<\/p>","protected":false},"excerpt":{"rendered":"<p>Char AMX 30 avec syst\u00e8me d&rsquo;arme Pluton &#8211; Arm\u00e9e Fran\u00e7aise Fabrication : Solido \u00c9chelle : 1\/50 N\u00b0238 En m\u00e9tal &#038; plastique. Dans sa boite d&rsquo;origine. (Traces d&rsquo;usures, non fonctionnel) &#8211; \u00ab\u00a0AMX 30 tank with Pluton weapon system &#8211; French Army Manufacturer: Solido Scale: 1\/50 No. 238 Made of metal and plastic. In its original box.<a class=\"more-link\" href=\"https:\/\/military-classic-auction.com\/en\/product\/char-amx-30-avec-systeme-darme-pluton-armee-francaise\/\">Read more  &#10230;<\/a><\/p>","protected":false},"featured_media":18400,"template":"","meta":[],"product_brand":[],"product_cat":[85],"product_tag":[],"class_list":{"0":"post-19278","1":"product","2":"type-product","3":"status-publish","4":"has-post-thumbnail","6":"product_cat-the-vintage-military-toys","8":"first","9":"instock","10":"sold-individually","11":"purchasable","12":"product-type-auction"},"aioseo_notices":[],"_links":{"self":[{"href":"https:\/\/military-classic-auction.com\/en\/wp-json\/wp\/v2\/product\/19278","targetHints":{"allow":["GET"]}}],"collection":[{"href":"https:\/\/military-classic-auction.com\/en\/wp-json\/wp\/v2\/product"}],"about":[{"href":"https:\/\/military-classic-auction.com\/en\/wp-json\/wp\/v2\/types\/product"}],"wp:featuredmedia":[{"embeddable":true,"href":"https:\/\/military-classic-auction.com\/en\/wp-json\/wp\/v2\/media\/18400"}],"wp:attachment":[{"href":"https:\/\/military-classic-auction.com\/en\/wp-json\/wp\/v2\/media?parent=19278"}],"wp:term":[{"taxonomy":"product_brand","embeddable":true,"href":"https:\/\/military-classic-auction.com\/en\/wp-json\/wp\/v2\/product_brand?post=19278"},{"taxonomy":"product_cat","embeddable":true,"href":"https:\/\/military-classic-auction.com\/en\/wp-json\/wp\/v2\/product_cat?post=19278"},{"taxonomy":"product_tag","embeddable":true,"href":"https:\/\/military-classic-auction.com\/en\/wp-json\/wp\/v2\/product_tag?post=19278"}],"curies":[{"name":"wp","href":"https:\/\/api.w.org\/{rel}","templated":true}]}}