{"id":19261,"date":"2025-12-18T13:43:44","date_gmt":"2025-12-18T11:43:44","guid":{"rendered":"https:\/\/military-classic-auction.com\/?post_type=product&#038;p=19261"},"modified":"2025-12-18T13:43:45","modified_gmt":"2025-12-18T11:43:45","slug":"char-amx-10-armee-francaise","status":"publish","type":"product","link":"https:\/\/military-classic-auction.com\/en\/product\/char-amx-10-armee-francaise\/","title":{"rendered":"Char AMX 10 &#8211; Arm\u00e9e Fran\u00e7aise"},"content":{"rendered":"<p>Char AMX 10 &#8211; Arm\u00e9e Fran\u00e7aise<br \/>\nFabrication : Solido<br \/>\n\u00c9chelle : 1\/50<br \/>\nN\u00b06054<br \/>\nEn m\u00e9tal &#038; plastique.<br \/>\nDans sa boite d&rsquo;origine.<br \/>\n(Traces d&rsquo;usures, manques)<br \/>\n&#8211;<br \/>\n\u00ab\u00a0AMX 10 Tank &#8211; French Army<br \/>\nManufacturer: Solido<br \/>\nScale: 1\/50<br \/>\nNo. 6054<br \/>\nMade of metal and plastic.<br \/>\nIn its original box.<br \/>\n(Signs of wear, some missing parts)\u00a0\u00bb<\/p>","protected":false},"excerpt":{"rendered":"<p>Char AMX 10 &#8211; Arm\u00e9e Fran\u00e7aise Fabrication : Solido \u00c9chelle : 1\/50 N\u00b06054 En m\u00e9tal &#038; plastique. Dans sa boite d&rsquo;origine. (Traces d&rsquo;usures, manques) &#8211; \u00ab\u00a0AMX 10 Tank &#8211; French Army Manufacturer: Solido Scale: 1\/50 No. 6054 Made of metal and plastic. In its original box. (Signs of wear, some missing parts)\u00a0\u00bb<\/p>","protected":false},"featured_media":18327,"template":"","meta":[],"product_brand":[],"product_cat":[85],"product_tag":[],"class_list":{"0":"post-19261","1":"product","2":"type-product","3":"status-publish","4":"has-post-thumbnail","6":"product_cat-the-vintage-military-toys","8":"first","9":"instock","10":"sold-individually","11":"purchasable","12":"product-type-auction"},"aioseo_notices":[],"_links":{"self":[{"href":"https:\/\/military-classic-auction.com\/en\/wp-json\/wp\/v2\/product\/19261","targetHints":{"allow":["GET"]}}],"collection":[{"href":"https:\/\/military-classic-auction.com\/en\/wp-json\/wp\/v2\/product"}],"about":[{"href":"https:\/\/military-classic-auction.com\/en\/wp-json\/wp\/v2\/types\/product"}],"wp:featuredmedia":[{"embeddable":true,"href":"https:\/\/military-classic-auction.com\/en\/wp-json\/wp\/v2\/media\/18327"}],"wp:attachment":[{"href":"https:\/\/military-classic-auction.com\/en\/wp-json\/wp\/v2\/media?parent=19261"}],"wp:term":[{"taxonomy":"product_brand","embeddable":true,"href":"https:\/\/military-classic-auction.com\/en\/wp-json\/wp\/v2\/product_brand?post=19261"},{"taxonomy":"product_cat","embeddable":true,"href":"https:\/\/military-classic-auction.com\/en\/wp-json\/wp\/v2\/product_cat?post=19261"},{"taxonomy":"product_tag","embeddable":true,"href":"https:\/\/military-classic-auction.com\/en\/wp-json\/wp\/v2\/product_tag?post=19261"}],"curies":[{"name":"wp","href":"https:\/\/api.w.org\/{rel}","templated":true}]}}