{"id":19246,"date":"2025-12-18T13:43:18","date_gmt":"2025-12-18T11:43:18","guid":{"rendered":"https:\/\/military-classic-auction.com\/?post_type=product&#038;p=19246"},"modified":"2026-01-01T18:31:57","modified_gmt":"2026-01-01T16:31:57","slug":"obusier-de-155mm-armee-francaise","status":"publish","type":"product","link":"https:\/\/military-classic-auction.com\/en\/product\/obusier-de-155mm-armee-francaise\/","title":{"rendered":"Obusier de 155mm &#8211; Arm\u00e9e Fran\u00e7aise"},"content":{"rendered":"<p>Obusier de 155mm &#8211; Arm\u00e9e Fran\u00e7aise<br \/>\nFabrication : Dinky Toys<br \/>\nN\u00b080 E<br \/>\nEn m\u00e9tal &#038; plastique.<br \/>\nDans sa boite d&rsquo;origine.<br \/>\n(Traces d&rsquo;usures)<br \/>\n&#8211;<br \/>\n\u00ab\u00a0155mm Howitzer &#8211; French Army<br \/>\nManufactured by Dinky Toys<br \/>\nNo. 80 E<br \/>\nMade of metal and plastic.<br \/>\nIn its original box.<br \/>\n(Signs of wear)\u00a0\u00bb<\/p>","protected":false},"excerpt":{"rendered":"<p>Obusier de 155mm &#8211; Arm\u00e9e Fran\u00e7aise Fabrication : Dinky Toys N\u00b080 E En m\u00e9tal &#038; plastique. Dans sa boite d&rsquo;origine. (Traces d&rsquo;usures) &#8211; \u00ab\u00a0155mm Howitzer &#8211; French Army Manufactured by Dinky Toys No. 80 E Made of metal and plastic. In its original box. (Signs of wear)\u00a0\u00bb<\/p>","protected":false},"featured_media":19186,"template":"","meta":[],"product_brand":[],"product_cat":[85],"product_tag":[],"class_list":{"0":"post-19246","1":"product","2":"type-product","3":"status-publish","4":"has-post-thumbnail","6":"product_cat-the-vintage-military-toys","8":"first","9":"instock","10":"sold-individually","11":"purchasable","12":"product-type-auction"},"aioseo_notices":[],"_links":{"self":[{"href":"https:\/\/military-classic-auction.com\/en\/wp-json\/wp\/v2\/product\/19246","targetHints":{"allow":["GET"]}}],"collection":[{"href":"https:\/\/military-classic-auction.com\/en\/wp-json\/wp\/v2\/product"}],"about":[{"href":"https:\/\/military-classic-auction.com\/en\/wp-json\/wp\/v2\/types\/product"}],"wp:featuredmedia":[{"embeddable":true,"href":"https:\/\/military-classic-auction.com\/en\/wp-json\/wp\/v2\/media\/19186"}],"wp:attachment":[{"href":"https:\/\/military-classic-auction.com\/en\/wp-json\/wp\/v2\/media?parent=19246"}],"wp:term":[{"taxonomy":"product_brand","embeddable":true,"href":"https:\/\/military-classic-auction.com\/en\/wp-json\/wp\/v2\/product_brand?post=19246"},{"taxonomy":"product_cat","embeddable":true,"href":"https:\/\/military-classic-auction.com\/en\/wp-json\/wp\/v2\/product_cat?post=19246"},{"taxonomy":"product_tag","embeddable":true,"href":"https:\/\/military-classic-auction.com\/en\/wp-json\/wp\/v2\/product_tag?post=19246"}],"curies":[{"name":"wp","href":"https:\/\/api.w.org\/{rel}","templated":true}]}}