{"id":19236,"date":"2025-12-18T13:42:59","date_gmt":"2025-12-18T11:42:59","guid":{"rendered":"https:\/\/military-classic-auction.com\/?post_type=product&#038;p=19236"},"modified":"2025-12-20T18:35:24","modified_gmt":"2025-12-20T16:35:24","slug":"canon-de-105mm-armee-francaise","status":"publish","type":"product","link":"https:\/\/military-classic-auction.com\/en\/product\/canon-de-105mm-armee-francaise\/","title":{"rendered":"Canon de 105mm &#8211; Arm\u00e9e Fran\u00e7aise"},"content":{"rendered":"<p>Canon de 105mm &#8211; Arm\u00e9e Fran\u00e7aise<br \/>\nFabrication : Solido<br \/>\nN\u00b0205<br \/>\nType : Canon 105 C Mod\u00e8le 65<br \/>\nEn m\u00e9tal &#038; plastique.<br \/>\nDans sa boite d&rsquo;origine.<br \/>\n(En l&rsquo;\u00e9tat, traces d&rsquo;usures, fl\u00e8ches manquantes)<br \/>\n&#8211;<br \/>\n\u00ab\u00a0105mm Cannon &#8211; French Army<br \/>\nManufacturer: Solido<br \/>\nNo. 205<br \/>\nType: 105 C Model 65 Cannon<br \/>\nMade of metal and plastic.<br \/>\nIn its original box.<br \/>\n(As is, signs of wear, arrows missing)\u00a0\u00bb<\/p>","protected":false},"excerpt":{"rendered":"<p>Canon de 105mm &#8211; Arm\u00e9e Fran\u00e7aise Fabrication : Solido N\u00b0205 Type : Canon 105 C Mod\u00e8le 65 En m\u00e9tal &#038; plastique. Dans sa boite d&rsquo;origine. (En l&rsquo;\u00e9tat, traces d&rsquo;usures, fl\u00e8ches manquantes) &#8211; \u00ab\u00a0105mm Cannon &#8211; French Army Manufacturer: Solido No. 205 Type: 105 C Model 65 Cannon Made of metal and plastic. In its original<a class=\"more-link\" href=\"https:\/\/military-classic-auction.com\/en\/product\/canon-de-105mm-armee-francaise\/\">Read more  &#10230;<\/a><\/p>","protected":false},"featured_media":19135,"template":"","meta":[],"product_brand":[],"product_cat":[85],"product_tag":[],"class_list":{"0":"post-19236","1":"product","2":"type-product","3":"status-publish","4":"has-post-thumbnail","6":"product_cat-the-vintage-military-toys","8":"first","9":"instock","10":"sold-individually","11":"purchasable","12":"product-type-auction"},"aioseo_notices":[],"_links":{"self":[{"href":"https:\/\/military-classic-auction.com\/en\/wp-json\/wp\/v2\/product\/19236","targetHints":{"allow":["GET"]}}],"collection":[{"href":"https:\/\/military-classic-auction.com\/en\/wp-json\/wp\/v2\/product"}],"about":[{"href":"https:\/\/military-classic-auction.com\/en\/wp-json\/wp\/v2\/types\/product"}],"wp:featuredmedia":[{"embeddable":true,"href":"https:\/\/military-classic-auction.com\/en\/wp-json\/wp\/v2\/media\/19135"}],"wp:attachment":[{"href":"https:\/\/military-classic-auction.com\/en\/wp-json\/wp\/v2\/media?parent=19236"}],"wp:term":[{"taxonomy":"product_brand","embeddable":true,"href":"https:\/\/military-classic-auction.com\/en\/wp-json\/wp\/v2\/product_brand?post=19236"},{"taxonomy":"product_cat","embeddable":true,"href":"https:\/\/military-classic-auction.com\/en\/wp-json\/wp\/v2\/product_cat?post=19236"},{"taxonomy":"product_tag","embeddable":true,"href":"https:\/\/military-classic-auction.com\/en\/wp-json\/wp\/v2\/product_tag?post=19236"}],"curies":[{"name":"wp","href":"https:\/\/api.w.org\/{rel}","templated":true}]}}