{"id":19235,"date":"2025-12-18T13:42:57","date_gmt":"2025-12-18T11:42:57","guid":{"rendered":"https:\/\/military-classic-auction.com\/?post_type=product&#038;p=19235"},"modified":"2025-12-21T14:23:33","modified_gmt":"2025-12-21T12:23:33","slug":"vab-6x6-armee-francaise","status":"publish","type":"product","link":"https:\/\/military-classic-auction.com\/en\/product\/vab-6x6-armee-francaise\/","title":{"rendered":"VAB 6&#215;6 &#8211; Arm\u00e9e Fran\u00e7aise"},"content":{"rendered":"<p>VAB 6&#215;6 &#8211; Arm\u00e9e Fran\u00e7aise<br \/>\nFabrication : Solido<br \/>\nN\u00b0251<br \/>\nEn m\u00e9tal &#038; plastique.<br \/>\nDans sa boite d&rsquo;origine.<br \/>\nEn l&rsquo;\u00e9tat, traces d&rsquo;usures.<br \/>\n&#8211;<br \/>\n\u00ab\u00a0VAB 6&#215;6 &#8211; French Army<br \/>\nManufactured by Solido<br \/>\nNo. 251<br \/>\nMade of metal and plastic.<br \/>\nIn its original box.<br \/>\nAs is, with signs of wear.\u00a0\u00bb<\/p>","protected":false},"excerpt":{"rendered":"<p>VAB 6&#215;6 &#8211; Arm\u00e9e Fran\u00e7aise Fabrication : Solido N\u00b0251 En m\u00e9tal &#038; plastique. Dans sa boite d&rsquo;origine. En l&rsquo;\u00e9tat, traces d&rsquo;usures. &#8211; \u00ab\u00a0VAB 6&#215;6 &#8211; French Army Manufactured by Solido No. 251 Made of metal and plastic. In its original box. As is, with signs of wear.\u00a0\u00bb<\/p>","protected":false},"featured_media":19131,"template":"","meta":[],"product_brand":[],"product_cat":[85],"product_tag":[],"class_list":{"0":"post-19235","1":"product","2":"type-product","3":"status-publish","4":"has-post-thumbnail","6":"product_cat-the-vintage-military-toys","8":"first","9":"instock","10":"sold-individually","11":"purchasable","12":"product-type-auction"},"aioseo_notices":[],"_links":{"self":[{"href":"https:\/\/military-classic-auction.com\/en\/wp-json\/wp\/v2\/product\/19235","targetHints":{"allow":["GET"]}}],"collection":[{"href":"https:\/\/military-classic-auction.com\/en\/wp-json\/wp\/v2\/product"}],"about":[{"href":"https:\/\/military-classic-auction.com\/en\/wp-json\/wp\/v2\/types\/product"}],"wp:featuredmedia":[{"embeddable":true,"href":"https:\/\/military-classic-auction.com\/en\/wp-json\/wp\/v2\/media\/19131"}],"wp:attachment":[{"href":"https:\/\/military-classic-auction.com\/en\/wp-json\/wp\/v2\/media?parent=19235"}],"wp:term":[{"taxonomy":"product_brand","embeddable":true,"href":"https:\/\/military-classic-auction.com\/en\/wp-json\/wp\/v2\/product_brand?post=19235"},{"taxonomy":"product_cat","embeddable":true,"href":"https:\/\/military-classic-auction.com\/en\/wp-json\/wp\/v2\/product_cat?post=19235"},{"taxonomy":"product_tag","embeddable":true,"href":"https:\/\/military-classic-auction.com\/en\/wp-json\/wp\/v2\/product_tag?post=19235"}],"curies":[{"name":"wp","href":"https:\/\/api.w.org\/{rel}","templated":true}]}}