{"id":19233,"date":"2025-12-18T13:42:53","date_gmt":"2025-12-18T11:42:53","guid":{"rendered":"https:\/\/military-classic-auction.com\/?post_type=product&#038;p=19233"},"modified":"2026-01-02T17:29:53","modified_gmt":"2026-01-02T15:29:53","slug":"coffret-de-vehicules-militaires-serie-limitee-2","status":"publish","type":"product","link":"https:\/\/military-classic-auction.com\/en\/product\/coffret-de-vehicules-militaires-serie-limitee-2\/","title":{"rendered":"Coffret de v\u00e9hicules militaires &#8211; S\u00e9rie limit\u00e9e"},"content":{"rendered":"<p>Coffret de v\u00e9hicules militaires &#8211; S\u00e9rie limit\u00e9e<br \/>\nFabrication : Solido<br \/>\nCoffret B, s\u00e9rie limit\u00e9e 40\u00e8me anniversaire du d\u00e9barquement 1944-1984.<br \/>\nDont char Sherman, Dodge 6&#215;6, Panther &#038; auto-mitrailleuse Sd.Kfz 232.<br \/>\nEn m\u00e9tal &#038; plastique.<br \/>\nDans sa boite d&rsquo;origine.<br \/>\n&#8211;<br \/>\n\u00ab\u00a0Military Vehicle Set &#8211; Limited Edition<br \/>\nManufactured by Solido<br \/>\nSet B, limited edition commemorating the 40th anniversary of the D-Day landings (1944-1984).<br \/>\nIncludes Sherman tank, Dodge 6&#215;6, Panther, and Sd.Kfz 232 armored car.<br \/>\nMade of metal and plastic.<br \/>\nIn its original box.\u00a0\u00bb<\/p>","protected":false},"excerpt":{"rendered":"<p>Coffret de v\u00e9hicules militaires &#8211; S\u00e9rie limit\u00e9e Fabrication : Solido Coffret B, s\u00e9rie limit\u00e9e 40\u00e8me anniversaire du d\u00e9barquement 1944-1984. Dont char Sherman, Dodge 6&#215;6, Panther &#038; auto-mitrailleuse Sd.Kfz 232. En m\u00e9tal &#038; plastique. Dans sa boite d&rsquo;origine. &#8211; \u00ab\u00a0Military Vehicle Set &#8211; Limited Edition Manufactured by Solido Set B, limited edition commemorating the 40th anniversary<a class=\"more-link\" href=\"https:\/\/military-classic-auction.com\/en\/product\/coffret-de-vehicules-militaires-serie-limitee-2\/\">Read more  &#10230;<\/a><\/p>","protected":false},"featured_media":19115,"template":"","meta":[],"product_brand":[],"product_cat":[85],"product_tag":[],"class_list":{"0":"post-19233","1":"product","2":"type-product","3":"status-publish","4":"has-post-thumbnail","6":"product_cat-the-vintage-military-toys","8":"first","9":"instock","10":"sold-individually","11":"purchasable","12":"product-type-auction"},"aioseo_notices":[],"_links":{"self":[{"href":"https:\/\/military-classic-auction.com\/en\/wp-json\/wp\/v2\/product\/19233","targetHints":{"allow":["GET"]}}],"collection":[{"href":"https:\/\/military-classic-auction.com\/en\/wp-json\/wp\/v2\/product"}],"about":[{"href":"https:\/\/military-classic-auction.com\/en\/wp-json\/wp\/v2\/types\/product"}],"wp:featuredmedia":[{"embeddable":true,"href":"https:\/\/military-classic-auction.com\/en\/wp-json\/wp\/v2\/media\/19115"}],"wp:attachment":[{"href":"https:\/\/military-classic-auction.com\/en\/wp-json\/wp\/v2\/media?parent=19233"}],"wp:term":[{"taxonomy":"product_brand","embeddable":true,"href":"https:\/\/military-classic-auction.com\/en\/wp-json\/wp\/v2\/product_brand?post=19233"},{"taxonomy":"product_cat","embeddable":true,"href":"https:\/\/military-classic-auction.com\/en\/wp-json\/wp\/v2\/product_cat?post=19233"},{"taxonomy":"product_tag","embeddable":true,"href":"https:\/\/military-classic-auction.com\/en\/wp-json\/wp\/v2\/product_tag?post=19233"}],"curies":[{"name":"wp","href":"https:\/\/api.w.org\/{rel}","templated":true}]}}