{"id":19231,"date":"2025-12-18T13:42:49","date_gmt":"2025-12-18T11:42:49","guid":{"rendered":"https:\/\/military-classic-auction.com\/?post_type=product&#038;p=19231"},"modified":"2025-12-21T14:18:33","modified_gmt":"2025-12-21T12:18:33","slug":"auto-mitrailleuse-legere-aml-panhard","status":"publish","type":"product","link":"https:\/\/military-classic-auction.com\/en\/product\/auto-mitrailleuse-legere-aml-panhard\/","title":{"rendered":"Auto-mitrailleuse l\u00e9g\u00e8re AML Panhard"},"content":{"rendered":"<p>Auto-mitrailleuse l\u00e9g\u00e8re AML Panhard<br \/>\nFabrication : Dinky Toys<br \/>\nN\u00b0814<br \/>\nEn m\u00e9tal &#038; plastique.<br \/>\nDans sa boite d&rsquo;origine, annot\u00e9e d\u00e9cembre 1964.<br \/>\nEn l&rsquo;\u00e9tat, traces d&rsquo;usures.<br \/>\n(Antennes manquantes)<br \/>\n&#8211;<br \/>\n\u00ab\u00a0AML Panhard Light Armored Car<br \/>\nManufactured by Dinky Toys<br \/>\nNo. 814<br \/>\nMade of metal and plastic.<br \/>\nIn its original box, marked December 1964.<br \/>\nAs is, with signs of wear.<br \/>\n(Antennas missing)\u00a0\u00bb<\/p>","protected":false},"excerpt":{"rendered":"<p>Auto-mitrailleuse l\u00e9g\u00e8re AML Panhard Fabrication : Dinky Toys N\u00b0814 En m\u00e9tal &#038; plastique. Dans sa boite d&rsquo;origine, annot\u00e9e d\u00e9cembre 1964. En l&rsquo;\u00e9tat, traces d&rsquo;usures. (Antennes manquantes) &#8211; \u00ab\u00a0AML Panhard Light Armored Car Manufactured by Dinky Toys No. 814 Made of metal and plastic. In its original box, marked December 1964. As is, with signs of<a class=\"more-link\" href=\"https:\/\/military-classic-auction.com\/en\/product\/auto-mitrailleuse-legere-aml-panhard\/\">Read more  &#10230;<\/a><\/p>","protected":false},"featured_media":19100,"template":"","meta":[],"product_brand":[],"product_cat":[85],"product_tag":[],"class_list":{"0":"post-19231","1":"product","2":"type-product","3":"status-publish","4":"has-post-thumbnail","6":"product_cat-the-vintage-military-toys","8":"first","9":"instock","10":"sold-individually","11":"purchasable","12":"product-type-auction"},"aioseo_notices":[],"_links":{"self":[{"href":"https:\/\/military-classic-auction.com\/en\/wp-json\/wp\/v2\/product\/19231","targetHints":{"allow":["GET"]}}],"collection":[{"href":"https:\/\/military-classic-auction.com\/en\/wp-json\/wp\/v2\/product"}],"about":[{"href":"https:\/\/military-classic-auction.com\/en\/wp-json\/wp\/v2\/types\/product"}],"wp:featuredmedia":[{"embeddable":true,"href":"https:\/\/military-classic-auction.com\/en\/wp-json\/wp\/v2\/media\/19100"}],"wp:attachment":[{"href":"https:\/\/military-classic-auction.com\/en\/wp-json\/wp\/v2\/media?parent=19231"}],"wp:term":[{"taxonomy":"product_brand","embeddable":true,"href":"https:\/\/military-classic-auction.com\/en\/wp-json\/wp\/v2\/product_brand?post=19231"},{"taxonomy":"product_cat","embeddable":true,"href":"https:\/\/military-classic-auction.com\/en\/wp-json\/wp\/v2\/product_cat?post=19231"},{"taxonomy":"product_tag","embeddable":true,"href":"https:\/\/military-classic-auction.com\/en\/wp-json\/wp\/v2\/product_tag?post=19231"}],"curies":[{"name":"wp","href":"https:\/\/api.w.org\/{rel}","templated":true}]}}