{"id":19228,"date":"2025-12-18T13:42:42","date_gmt":"2025-12-18T11:42:42","guid":{"rendered":"https:\/\/military-classic-auction.com\/?post_type=product&#038;p=19228"},"modified":"2026-01-02T17:29:11","modified_gmt":"2026-01-02T15:29:11","slug":"jagdpanther-wehrmacht","status":"publish","type":"product","link":"https:\/\/military-classic-auction.com\/en\/product\/jagdpanther-wehrmacht\/","title":{"rendered":"Jagdpanther &#8211; Wehrmacht"},"content":{"rendered":"<p>Jagdpanther &#8211; Wehrmacht<br \/>\nFabrication : Solido<br \/>\nN\u00b0228<br \/>\nAnn\u00e9e 1971<br \/>\nEn m\u00e9tal &#038; plastique.<br \/>\nDans sa boite d&rsquo;origine.<br \/>\nEn l&rsquo;\u00e9tat, traces d&rsquo;usures.<br \/>\n(Antenne manquante)<br \/>\n&#8211;<br \/>\n\u00ab\u00a0Jagdpanther &#8211; Wehrmacht<br \/>\nManufactured by Solido<br \/>\nNo. 228<br \/>\nYear: 1971<br \/>\nMade of metal and plastic.<br \/>\nIn its original box.<br \/>\nAs is, with signs of wear.<br \/>\n(Antenna missing)\u00a0\u00bb<\/p>","protected":false},"excerpt":{"rendered":"<p>Jagdpanther &#8211; Wehrmacht Fabrication : Solido N\u00b0228 Ann\u00e9e 1971 En m\u00e9tal &#038; plastique. Dans sa boite d&rsquo;origine. En l&rsquo;\u00e9tat, traces d&rsquo;usures. (Antenne manquante) &#8211; \u00ab\u00a0Jagdpanther &#8211; Wehrmacht Manufactured by Solido No. 228 Year: 1971 Made of metal and plastic. In its original box. As is, with signs of wear. (Antenna missing)\u00a0\u00bb<\/p>","protected":false},"featured_media":19085,"template":"","meta":[],"product_brand":[],"product_cat":[85],"product_tag":[],"class_list":{"0":"post-19228","1":"product","2":"type-product","3":"status-publish","4":"has-post-thumbnail","6":"product_cat-the-vintage-military-toys","8":"first","9":"instock","10":"sold-individually","11":"purchasable","12":"product-type-auction"},"aioseo_notices":[],"_links":{"self":[{"href":"https:\/\/military-classic-auction.com\/en\/wp-json\/wp\/v2\/product\/19228","targetHints":{"allow":["GET"]}}],"collection":[{"href":"https:\/\/military-classic-auction.com\/en\/wp-json\/wp\/v2\/product"}],"about":[{"href":"https:\/\/military-classic-auction.com\/en\/wp-json\/wp\/v2\/types\/product"}],"wp:featuredmedia":[{"embeddable":true,"href":"https:\/\/military-classic-auction.com\/en\/wp-json\/wp\/v2\/media\/19085"}],"wp:attachment":[{"href":"https:\/\/military-classic-auction.com\/en\/wp-json\/wp\/v2\/media?parent=19228"}],"wp:term":[{"taxonomy":"product_brand","embeddable":true,"href":"https:\/\/military-classic-auction.com\/en\/wp-json\/wp\/v2\/product_brand?post=19228"},{"taxonomy":"product_cat","embeddable":true,"href":"https:\/\/military-classic-auction.com\/en\/wp-json\/wp\/v2\/product_cat?post=19228"},{"taxonomy":"product_tag","embeddable":true,"href":"https:\/\/military-classic-auction.com\/en\/wp-json\/wp\/v2\/product_tag?post=19228"}],"curies":[{"name":"wp","href":"https:\/\/api.w.org\/{rel}","templated":true}]}}