{"id":19227,"date":"2025-12-18T13:42:41","date_gmt":"2025-12-18T11:42:41","guid":{"rendered":"https:\/\/military-classic-auction.com\/?post_type=product&#038;p=19227"},"modified":"2026-01-02T17:40:15","modified_gmt":"2026-01-02T15:40:15","slug":"tank-destroyer-m10-2eme-division-blinde","status":"publish","type":"product","link":"https:\/\/military-classic-auction.com\/en\/product\/tank-destroyer-m10-2eme-division-blinde\/","title":{"rendered":"Tank Destroyer M10 &#8211; 2\u00e8me Division Blind\u00e9"},"content":{"rendered":"<p>Tank Destroyer M10 &#8211; 2\u00e8me Division Blind\u00e9<br \/>\nFabrication : Solido<br \/>\n\u00c9chelle : 1\/43<br \/>\nN\u00b0232<br \/>\nEn m\u00e9tal &#038; plastique.<br \/>\nDans sa boite d&rsquo;origine.<br \/>\nEn l&rsquo;\u00e9tat, traces d&rsquo;usures.<br \/>\n&#8211;<br \/>\n\u00ab\u00a0M10 Tank Destroyer &#8211; 2nd Armored Division<br \/>\nManufacturer: Solido<br \/>\nScale: 1\/43<br \/>\nNo. 232<br \/>\nMade of metal and plastic.<br \/>\nIn its original box.<br \/>\nAs is, with signs of wear.\u00a0\u00bb<\/p>","protected":false},"excerpt":{"rendered":"<p>Tank Destroyer M10 &#8211; 2\u00e8me Division Blind\u00e9 Fabrication : Solido \u00c9chelle : 1\/43 N\u00b0232 En m\u00e9tal &#038; plastique. Dans sa boite d&rsquo;origine. En l&rsquo;\u00e9tat, traces d&rsquo;usures. &#8211; \u00ab\u00a0M10 Tank Destroyer &#8211; 2nd Armored Division Manufacturer: Solido Scale: 1\/43 No. 232 Made of metal and plastic. In its original box. As is, with signs of wear.\u00a0\u00bb<\/p>","protected":false},"featured_media":19080,"template":"","meta":[],"product_brand":[],"product_cat":[85],"product_tag":[],"class_list":{"0":"post-19227","1":"product","2":"type-product","3":"status-publish","4":"has-post-thumbnail","6":"product_cat-the-vintage-military-toys","8":"first","9":"instock","10":"sold-individually","11":"purchasable","12":"product-type-auction"},"aioseo_notices":[],"_links":{"self":[{"href":"https:\/\/military-classic-auction.com\/en\/wp-json\/wp\/v2\/product\/19227","targetHints":{"allow":["GET"]}}],"collection":[{"href":"https:\/\/military-classic-auction.com\/en\/wp-json\/wp\/v2\/product"}],"about":[{"href":"https:\/\/military-classic-auction.com\/en\/wp-json\/wp\/v2\/types\/product"}],"wp:featuredmedia":[{"embeddable":true,"href":"https:\/\/military-classic-auction.com\/en\/wp-json\/wp\/v2\/media\/19080"}],"wp:attachment":[{"href":"https:\/\/military-classic-auction.com\/en\/wp-json\/wp\/v2\/media?parent=19227"}],"wp:term":[{"taxonomy":"product_brand","embeddable":true,"href":"https:\/\/military-classic-auction.com\/en\/wp-json\/wp\/v2\/product_brand?post=19227"},{"taxonomy":"product_cat","embeddable":true,"href":"https:\/\/military-classic-auction.com\/en\/wp-json\/wp\/v2\/product_cat?post=19227"},{"taxonomy":"product_tag","embeddable":true,"href":"https:\/\/military-classic-auction.com\/en\/wp-json\/wp\/v2\/product_tag?post=19227"}],"curies":[{"name":"wp","href":"https:\/\/api.w.org\/{rel}","templated":true}]}}