{"id":19225,"date":"2025-12-18T13:42:37","date_gmt":"2025-12-18T11:42:37","guid":{"rendered":"https:\/\/military-classic-auction.com\/?post_type=product&#038;p=19225"},"modified":"2026-01-01T18:28:13","modified_gmt":"2026-01-01T16:28:13","slug":"camion-citerne-armee-francaise-2","status":"publish","type":"product","link":"https:\/\/military-classic-auction.com\/en\/product\/camion-citerne-armee-francaise-2\/","title":{"rendered":"Camion citerne &#8211; Arm\u00e9e Fran\u00e7aise"},"content":{"rendered":"<p>Camion citerne &#8211; Arm\u00e9e Fran\u00e7aise<br \/>\nFabrication : Solido<br \/>\n\u00c9chelle : 1\/60<br \/>\nN\u00b0257<br \/>\nEn m\u00e9tal &#038; plastique.<br \/>\nDans sa boite d&rsquo;origine.<br \/>\nEn l&rsquo;\u00e9tat, traces d&rsquo;usures.<br \/>\n&#8211;<br \/>\n\u00ab\u00a0Tanker Truck &#8211; French Army<br \/>\nManufacturer: Solido<br \/>\nScale: 1\/60<br \/>\nNo. 257<br \/>\nMade of metal and plastic.<br \/>\nIn its original box.<br \/>\nAs is, with signs of wear.\u00a0\u00bb<\/p>","protected":false},"excerpt":{"rendered":"<p>Camion citerne &#8211; Arm\u00e9e Fran\u00e7aise Fabrication : Solido \u00c9chelle : 1\/60 N\u00b0257 En m\u00e9tal &#038; plastique. Dans sa boite d&rsquo;origine. En l&rsquo;\u00e9tat, traces d&rsquo;usures. &#8211; \u00ab\u00a0Tanker Truck &#8211; French Army Manufacturer: Solido Scale: 1\/60 No. 257 Made of metal and plastic. In its original box. As is, with signs of wear.\u00a0\u00bb<\/p>","protected":false},"featured_media":19072,"template":"","meta":[],"product_brand":[],"product_cat":[85],"product_tag":[],"class_list":{"0":"post-19225","1":"product","2":"type-product","3":"status-publish","4":"has-post-thumbnail","6":"product_cat-the-vintage-military-toys","8":"first","9":"instock","10":"sold-individually","11":"purchasable","12":"product-type-auction"},"aioseo_notices":[],"_links":{"self":[{"href":"https:\/\/military-classic-auction.com\/en\/wp-json\/wp\/v2\/product\/19225","targetHints":{"allow":["GET"]}}],"collection":[{"href":"https:\/\/military-classic-auction.com\/en\/wp-json\/wp\/v2\/product"}],"about":[{"href":"https:\/\/military-classic-auction.com\/en\/wp-json\/wp\/v2\/types\/product"}],"wp:featuredmedia":[{"embeddable":true,"href":"https:\/\/military-classic-auction.com\/en\/wp-json\/wp\/v2\/media\/19072"}],"wp:attachment":[{"href":"https:\/\/military-classic-auction.com\/en\/wp-json\/wp\/v2\/media?parent=19225"}],"wp:term":[{"taxonomy":"product_brand","embeddable":true,"href":"https:\/\/military-classic-auction.com\/en\/wp-json\/wp\/v2\/product_brand?post=19225"},{"taxonomy":"product_cat","embeddable":true,"href":"https:\/\/military-classic-auction.com\/en\/wp-json\/wp\/v2\/product_cat?post=19225"},{"taxonomy":"product_tag","embeddable":true,"href":"https:\/\/military-classic-auction.com\/en\/wp-json\/wp\/v2\/product_tag?post=19225"}],"curies":[{"name":"wp","href":"https:\/\/api.w.org\/{rel}","templated":true}]}}