{"id":19223,"date":"2025-12-18T13:42:34","date_gmt":"2025-12-18T11:42:34","guid":{"rendered":"https:\/\/military-classic-auction.com\/?post_type=product&#038;p=19223"},"modified":"2025-12-29T11:38:52","modified_gmt":"2025-12-29T09:38:52","slug":"jeep-willys-edition-limitee-us-army","status":"publish","type":"product","link":"https:\/\/military-classic-auction.com\/en\/product\/jeep-willys-edition-limitee-us-army\/","title":{"rendered":"Jeep Willys &#8211; \u00c9dition limit\u00e9e &#8211; US Army"},"content":{"rendered":"<p>Jeep Willys &#8211; \u00c9dition limit\u00e9e &#8211; US Army<br \/>\nFabrication : Solido<br \/>\n\u00c9chelle : 1\/43<br \/>\n\u00c9dition limit\u00e9e 40\u00e8me anniversaire du d\u00e9barquement (1944-1984)<br \/>\nEn m\u00e9tal &#038; plastique.<br \/>\nDans sa boite d&rsquo;origine, socle en bois.<br \/>\nEn l&rsquo;\u00e9tat, traces d&rsquo;usures.<br \/>\n&#8211;<br \/>\n\u00ab\u00a0Jeep Willys &#8211; Limited Edition &#8211; US Army<br \/>\nManufacturer: Solido<br \/>\nScale: 1\/43<br \/>\nLimited edition commemorating the 40th anniversary of the D-Day landings (1944-1984). Made of metal and plastic.<br \/>\nIn its original box with a wooden base.<br \/>\nAs is, with signs of wear.\u00a0\u00bb<\/p>","protected":false},"excerpt":{"rendered":"<p>Jeep Willys &#8211; \u00c9dition limit\u00e9e &#8211; US Army Fabrication : Solido \u00c9chelle : 1\/43 \u00c9dition limit\u00e9e 40\u00e8me anniversaire du d\u00e9barquement (1944-1984) En m\u00e9tal &#038; plastique. Dans sa boite d&rsquo;origine, socle en bois. En l&rsquo;\u00e9tat, traces d&rsquo;usures. &#8211; \u00ab\u00a0Jeep Willys &#8211; Limited Edition &#8211; US Army Manufacturer: Solido Scale: 1\/43 Limited edition commemorating the 40th anniversary<a class=\"more-link\" href=\"https:\/\/military-classic-auction.com\/en\/product\/jeep-willys-edition-limitee-us-army\/\">Read more  &#10230;<\/a><\/p>","protected":false},"featured_media":19063,"template":"","meta":[],"product_brand":[],"product_cat":[85],"product_tag":[],"class_list":{"0":"post-19223","1":"product","2":"type-product","3":"status-publish","4":"has-post-thumbnail","6":"product_cat-the-vintage-military-toys","8":"first","9":"instock","10":"sold-individually","11":"purchasable","12":"product-type-auction"},"aioseo_notices":[],"_links":{"self":[{"href":"https:\/\/military-classic-auction.com\/en\/wp-json\/wp\/v2\/product\/19223","targetHints":{"allow":["GET"]}}],"collection":[{"href":"https:\/\/military-classic-auction.com\/en\/wp-json\/wp\/v2\/product"}],"about":[{"href":"https:\/\/military-classic-auction.com\/en\/wp-json\/wp\/v2\/types\/product"}],"wp:featuredmedia":[{"embeddable":true,"href":"https:\/\/military-classic-auction.com\/en\/wp-json\/wp\/v2\/media\/19063"}],"wp:attachment":[{"href":"https:\/\/military-classic-auction.com\/en\/wp-json\/wp\/v2\/media?parent=19223"}],"wp:term":[{"taxonomy":"product_brand","embeddable":true,"href":"https:\/\/military-classic-auction.com\/en\/wp-json\/wp\/v2\/product_brand?post=19223"},{"taxonomy":"product_cat","embeddable":true,"href":"https:\/\/military-classic-auction.com\/en\/wp-json\/wp\/v2\/product_cat?post=19223"},{"taxonomy":"product_tag","embeddable":true,"href":"https:\/\/military-classic-auction.com\/en\/wp-json\/wp\/v2\/product_tag?post=19223"}],"curies":[{"name":"wp","href":"https:\/\/api.w.org\/{rel}","templated":true}]}}