{"id":19220,"date":"2025-12-18T13:42:28","date_gmt":"2025-12-18T11:42:28","guid":{"rendered":"https:\/\/military-classic-auction.com\/?post_type=product&#038;p=19220"},"modified":"2025-12-21T08:37:55","modified_gmt":"2025-12-21T06:37:55","slug":"camion-berliet-gbc-8-france","status":"publish","type":"product","link":"https:\/\/military-classic-auction.com\/en\/product\/camion-berliet-gbc-8-france\/","title":{"rendered":"Camion Berliet GBC 8 &#8211; France"},"content":{"rendered":"<p>Camion Berliet GBC 8 &#8211; France<br \/>\nFabrication : Norev<br \/>\n\u00c9chelle : 1\/43<br \/>\n6&#215;6 &#8211; benne arm\u00e9e fran\u00e7aise<br \/>\nEn m\u00e9tal &#038; plastique.<br \/>\nDans sa boite d&rsquo;origine.<br \/>\nEn l&rsquo;\u00e9tat, traces d&rsquo;usures.<br \/>\n&#8211;<br \/>\n\u00ab\u00a0Berliet GBC 8 Truck &#8211; France<br \/>\nManufactured by Norev<br \/>\nScale: 1\/43<br \/>\n6&#215;6 &#8211; French Army tipper truck<br \/>\nMade of metal and plastic.<br \/>\nIn its original box.<br \/>\nAs is, with signs of wear.\u00a0\u00bb<\/p>","protected":false},"excerpt":{"rendered":"<p>Camion Berliet GBC 8 &#8211; France Fabrication : Norev \u00c9chelle : 1\/43 6&#215;6 &#8211; benne arm\u00e9e fran\u00e7aise En m\u00e9tal &#038; plastique. Dans sa boite d&rsquo;origine. En l&rsquo;\u00e9tat, traces d&rsquo;usures. &#8211; \u00ab\u00a0Berliet GBC 8 Truck &#8211; France Manufactured by Norev Scale: 1\/43 6&#215;6 &#8211; French Army tipper truck Made of metal and plastic. In its original<a class=\"more-link\" href=\"https:\/\/military-classic-auction.com\/en\/product\/camion-berliet-gbc-8-france\/\">Read more  &#10230;<\/a><\/p>","protected":false},"featured_media":19049,"template":"","meta":[],"product_brand":[],"product_cat":[85],"product_tag":[],"class_list":{"0":"post-19220","1":"product","2":"type-product","3":"status-publish","4":"has-post-thumbnail","6":"product_cat-the-vintage-military-toys","8":"first","9":"instock","10":"sold-individually","11":"purchasable","12":"product-type-auction"},"aioseo_notices":[],"_links":{"self":[{"href":"https:\/\/military-classic-auction.com\/en\/wp-json\/wp\/v2\/product\/19220","targetHints":{"allow":["GET"]}}],"collection":[{"href":"https:\/\/military-classic-auction.com\/en\/wp-json\/wp\/v2\/product"}],"about":[{"href":"https:\/\/military-classic-auction.com\/en\/wp-json\/wp\/v2\/types\/product"}],"wp:featuredmedia":[{"embeddable":true,"href":"https:\/\/military-classic-auction.com\/en\/wp-json\/wp\/v2\/media\/19049"}],"wp:attachment":[{"href":"https:\/\/military-classic-auction.com\/en\/wp-json\/wp\/v2\/media?parent=19220"}],"wp:term":[{"taxonomy":"product_brand","embeddable":true,"href":"https:\/\/military-classic-auction.com\/en\/wp-json\/wp\/v2\/product_brand?post=19220"},{"taxonomy":"product_cat","embeddable":true,"href":"https:\/\/military-classic-auction.com\/en\/wp-json\/wp\/v2\/product_cat?post=19220"},{"taxonomy":"product_tag","embeddable":true,"href":"https:\/\/military-classic-auction.com\/en\/wp-json\/wp\/v2\/product_tag?post=19220"}],"curies":[{"name":"wp","href":"https:\/\/api.w.org\/{rel}","templated":true}]}}