{"id":19217,"date":"2025-12-18T13:42:23","date_gmt":"2025-12-18T11:42:23","guid":{"rendered":"https:\/\/military-classic-auction.com\/?post_type=product&#038;p=19217"},"modified":"2025-12-26T18:23:44","modified_gmt":"2025-12-26T16:23:44","slug":"sd-kfz-9-famo-f3-wehrmacht","status":"publish","type":"product","link":"https:\/\/military-classic-auction.com\/en\/product\/sd-kfz-9-famo-f3-wehrmacht\/","title":{"rendered":"Sd.Kfz.9 FAMO F3 &#8211; Wehrmacht"},"content":{"rendered":"<p>Sd.Kfz.9 FAMO F3 &#8211; Wehrmacht<br \/>\nFabrication : Hart Models<br \/>\n\u00c9chelle : 1\/48<br \/>\nRef. FAMO F3<br \/>\nEn m\u00e9tal &#038; plastique, v\u00e9hicule en kit d\u00e9j\u00e0 mont\u00e9..<br \/>\nDans sa boite d&rsquo;origine.<br \/>\n(Traces d&rsquo;usures)<br \/>\n&#8211;<br \/>\n\u00ab\u00a0Sd.Kfz.9 FAMO F3 &#8211; Wehrmacht<br \/>\nManufacturer: Hart Models<br \/>\nScale: 1\/48<br \/>\nRef. FAMO F3<br \/>\nMetal and plastic kit, pre-assembled.<br \/>\nIn its original box.<br \/>\n(Signs of wear)\u00a0\u00bb<\/p>","protected":false},"excerpt":{"rendered":"<p>Sd.Kfz.9 FAMO F3 &#8211; Wehrmacht Fabrication : Hart Models \u00c9chelle : 1\/48 Ref. FAMO F3 En m\u00e9tal &#038; plastique, v\u00e9hicule en kit d\u00e9j\u00e0 mont\u00e9.. Dans sa boite d&rsquo;origine. (Traces d&rsquo;usures) &#8211; \u00ab\u00a0Sd.Kfz.9 FAMO F3 &#8211; Wehrmacht Manufacturer: Hart Models Scale: 1\/48 Ref. FAMO F3 Metal and plastic kit, pre-assembled. In its original box. (Signs of<a class=\"more-link\" href=\"https:\/\/military-classic-auction.com\/en\/product\/sd-kfz-9-famo-f3-wehrmacht\/\">Read more  &#10230;<\/a><\/p>","protected":false},"featured_media":19035,"template":"","meta":[],"product_brand":[],"product_cat":[85],"product_tag":[],"class_list":{"0":"post-19217","1":"product","2":"type-product","3":"status-publish","4":"has-post-thumbnail","6":"product_cat-the-vintage-military-toys","8":"first","9":"instock","10":"sold-individually","11":"purchasable","12":"product-type-auction"},"aioseo_notices":[],"_links":{"self":[{"href":"https:\/\/military-classic-auction.com\/en\/wp-json\/wp\/v2\/product\/19217","targetHints":{"allow":["GET"]}}],"collection":[{"href":"https:\/\/military-classic-auction.com\/en\/wp-json\/wp\/v2\/product"}],"about":[{"href":"https:\/\/military-classic-auction.com\/en\/wp-json\/wp\/v2\/types\/product"}],"wp:featuredmedia":[{"embeddable":true,"href":"https:\/\/military-classic-auction.com\/en\/wp-json\/wp\/v2\/media\/19035"}],"wp:attachment":[{"href":"https:\/\/military-classic-auction.com\/en\/wp-json\/wp\/v2\/media?parent=19217"}],"wp:term":[{"taxonomy":"product_brand","embeddable":true,"href":"https:\/\/military-classic-auction.com\/en\/wp-json\/wp\/v2\/product_brand?post=19217"},{"taxonomy":"product_cat","embeddable":true,"href":"https:\/\/military-classic-auction.com\/en\/wp-json\/wp\/v2\/product_cat?post=19217"},{"taxonomy":"product_tag","embeddable":true,"href":"https:\/\/military-classic-auction.com\/en\/wp-json\/wp\/v2\/product_tag?post=19217"}],"curies":[{"name":"wp","href":"https:\/\/api.w.org\/{rel}","templated":true}]}}