{"id":19213,"date":"2025-12-18T13:42:18","date_gmt":"2025-12-18T11:42:18","guid":{"rendered":"https:\/\/military-classic-auction.com\/?post_type=product&#038;p=19213"},"modified":"2026-01-03T10:53:53","modified_gmt":"2026-01-03T08:53:53","slug":"gmc-cargo-us-army","status":"publish","type":"product","link":"https:\/\/military-classic-auction.com\/en\/product\/gmc-cargo-us-army\/","title":{"rendered":"GMC Cargo &#8211; US Army"},"content":{"rendered":"<p>GMC Cargo &#8211; US Army<br \/>\nFabrication : Angego<br \/>\n\u00c9chelle : 1\/48<br \/>\nRef. AFKWX 353<br \/>\nEn m\u00e9tal &#038; plastique, v\u00e9hicule en kit d\u00e9j\u00e0 mont\u00e9..<br \/>\nDans sa boite d&rsquo;origine.<br \/>\n(Traces d&rsquo;usures)<br \/>\n&#8211;<br \/>\n\u00ab\u00a0GMC Cargo &#8211; US Army<br \/>\nManufacturer: Angego<br \/>\nScale: 1\/48<br \/>\nRef. AFKWX 353<br \/>\nMetal and plastic model kit, pre-assembled.<br \/>\nIn its original box.<br \/>\n(Signs of wear)\u00a0\u00bb<\/p>","protected":false},"excerpt":{"rendered":"<p>GMC Cargo &#8211; US Army Fabrication : Angego \u00c9chelle : 1\/48 Ref. AFKWX 353 En m\u00e9tal &#038; plastique, v\u00e9hicule en kit d\u00e9j\u00e0 mont\u00e9.. Dans sa boite d&rsquo;origine. (Traces d&rsquo;usures) &#8211; \u00ab\u00a0GMC Cargo &#8211; US Army Manufacturer: Angego Scale: 1\/48 Ref. AFKWX 353 Metal and plastic model kit, pre-assembled. In its original box. (Signs of wear)\u00a0\u00bb<\/p>","protected":false},"featured_media":19020,"template":"","meta":[],"product_brand":[],"product_cat":[85],"product_tag":[],"class_list":{"0":"post-19213","1":"product","2":"type-product","3":"status-publish","4":"has-post-thumbnail","6":"product_cat-the-vintage-military-toys","8":"first","9":"instock","10":"sold-individually","11":"purchasable","12":"product-type-auction"},"aioseo_notices":[],"_links":{"self":[{"href":"https:\/\/military-classic-auction.com\/en\/wp-json\/wp\/v2\/product\/19213","targetHints":{"allow":["GET"]}}],"collection":[{"href":"https:\/\/military-classic-auction.com\/en\/wp-json\/wp\/v2\/product"}],"about":[{"href":"https:\/\/military-classic-auction.com\/en\/wp-json\/wp\/v2\/types\/product"}],"wp:featuredmedia":[{"embeddable":true,"href":"https:\/\/military-classic-auction.com\/en\/wp-json\/wp\/v2\/media\/19020"}],"wp:attachment":[{"href":"https:\/\/military-classic-auction.com\/en\/wp-json\/wp\/v2\/media?parent=19213"}],"wp:term":[{"taxonomy":"product_brand","embeddable":true,"href":"https:\/\/military-classic-auction.com\/en\/wp-json\/wp\/v2\/product_brand?post=19213"},{"taxonomy":"product_cat","embeddable":true,"href":"https:\/\/military-classic-auction.com\/en\/wp-json\/wp\/v2\/product_cat?post=19213"},{"taxonomy":"product_tag","embeddable":true,"href":"https:\/\/military-classic-auction.com\/en\/wp-json\/wp\/v2\/product_tag?post=19213"}],"curies":[{"name":"wp","href":"https:\/\/api.w.org\/{rel}","templated":true}]}}