{"id":19211,"date":"2025-12-18T13:42:15","date_gmt":"2025-12-18T11:42:15","guid":{"rendered":"https:\/\/military-classic-auction.com\/?post_type=product&#038;p=19211"},"modified":"2025-12-25T22:17:57","modified_gmt":"2025-12-25T20:17:57","slug":"m29c-weasel-us-army","status":"publish","type":"product","link":"https:\/\/military-classic-auction.com\/en\/product\/m29c-weasel-us-army\/","title":{"rendered":"M29C Weasel &#8211; US Army"},"content":{"rendered":"<p>M29C Weasel &#8211; US Army<br \/>\nFabrication : Angego<br \/>\n\u00c9chelle : 1\/48<br \/>\nRef. MK32<br \/>\nEn m\u00e9tal &#038; plastique, v\u00e9hicule en kit d\u00e9j\u00e0 mont\u00e9..<br \/>\nDans sa boite d&rsquo;origine.<br \/>\nEn l&rsquo;\u00e9tat, traces d&rsquo;usures.<br \/>\n&#8211;<br \/>\n\u00ab\u00a0M29C Weasel &#8211; US Army<br \/>\nManufacturer: Angego<br \/>\nScale: 1\/48<br \/>\nRef. MK32<br \/>\nMetal and plastic model kit, pre-assembled.<br \/>\nIn its original box.<br \/>\nAs is, with signs of wear.\u00a0\u00bb<\/p>","protected":false},"excerpt":{"rendered":"<p>M29C Weasel &#8211; US Army Fabrication : Angego \u00c9chelle : 1\/48 Ref. MK32 En m\u00e9tal &#038; plastique, v\u00e9hicule en kit d\u00e9j\u00e0 mont\u00e9.. Dans sa boite d&rsquo;origine. En l&rsquo;\u00e9tat, traces d&rsquo;usures. &#8211; \u00ab\u00a0M29C Weasel &#8211; US Army Manufacturer: Angego Scale: 1\/48 Ref. MK32 Metal and plastic model kit, pre-assembled. In its original box. As is, with<a class=\"more-link\" href=\"https:\/\/military-classic-auction.com\/en\/product\/m29c-weasel-us-army\/\">Read more  &#10230;<\/a><\/p>","protected":false},"featured_media":19013,"template":"","meta":[],"product_brand":[],"product_cat":[85],"product_tag":[],"class_list":{"0":"post-19211","1":"product","2":"type-product","3":"status-publish","4":"has-post-thumbnail","6":"product_cat-the-vintage-military-toys","8":"first","9":"instock","10":"sold-individually","11":"purchasable","12":"product-type-auction"},"aioseo_notices":[],"_links":{"self":[{"href":"https:\/\/military-classic-auction.com\/en\/wp-json\/wp\/v2\/product\/19211","targetHints":{"allow":["GET"]}}],"collection":[{"href":"https:\/\/military-classic-auction.com\/en\/wp-json\/wp\/v2\/product"}],"about":[{"href":"https:\/\/military-classic-auction.com\/en\/wp-json\/wp\/v2\/types\/product"}],"wp:featuredmedia":[{"embeddable":true,"href":"https:\/\/military-classic-auction.com\/en\/wp-json\/wp\/v2\/media\/19013"}],"wp:attachment":[{"href":"https:\/\/military-classic-auction.com\/en\/wp-json\/wp\/v2\/media?parent=19211"}],"wp:term":[{"taxonomy":"product_brand","embeddable":true,"href":"https:\/\/military-classic-auction.com\/en\/wp-json\/wp\/v2\/product_brand?post=19211"},{"taxonomy":"product_cat","embeddable":true,"href":"https:\/\/military-classic-auction.com\/en\/wp-json\/wp\/v2\/product_cat?post=19211"},{"taxonomy":"product_tag","embeddable":true,"href":"https:\/\/military-classic-auction.com\/en\/wp-json\/wp\/v2\/product_tag?post=19211"}],"curies":[{"name":"wp","href":"https:\/\/api.w.org\/{rel}","templated":true}]}}