{"id":19210,"date":"2025-12-18T13:42:11","date_gmt":"2025-12-18T11:42:11","guid":{"rendered":"https:\/\/military-classic-auction.com\/?post_type=product&#038;p=19210"},"modified":"2025-12-27T14:25:18","modified_gmt":"2025-12-27T12:25:18","slug":"camion-remorque-porte-char-us-army","status":"publish","type":"product","link":"https:\/\/military-classic-auction.com\/en\/product\/camion-remorque-porte-char-us-army\/","title":{"rendered":"Camion &#038; remorque porte-char &#8211; US Army"},"content":{"rendered":"<p>Camion &#038; remorque porte-char &#8211; US Army<br \/>\nFabrication : Corgi Classics &#8211; Collection heritage<br \/>\n\u00c9chelle : 1\/50<br \/>\nRef. 55102 &#8211; Diamond T980<br \/>\nAnn\u00e9e 1998<br \/>\nEn m\u00e9tal &#038; plastique.<br \/>\nDans sa boite d&rsquo;origine.<br \/>\nEn l&rsquo;\u00e9tat, traces d&rsquo;usures.<br \/>\n&#8211;<br \/>\n\u00ab\u00a0Tank transporter truck and trailer &#8211; US Army<br \/>\nManufactured by: Corgi Classics &#8211; Heritage Collection<br \/>\nScale: 1\/50<br \/>\nRef. 55102 &#8211; Diamond T980<br \/>\nYear: 1998<br \/>\nMade of metal and plastic.<br \/>\nIn its original box.<br \/>\nAs is, with signs of wear.\u00a0\u00bb<\/p>","protected":false},"excerpt":{"rendered":"<p>Camion &#038; remorque porte-char &#8211; US Army Fabrication : Corgi Classics &#8211; Collection heritage \u00c9chelle : 1\/50 Ref. 55102 &#8211; Diamond T980 Ann\u00e9e 1998 En m\u00e9tal &#038; plastique. Dans sa boite d&rsquo;origine. En l&rsquo;\u00e9tat, traces d&rsquo;usures. &#8211; \u00ab\u00a0Tank transporter truck and trailer &#8211; US Army Manufactured by: Corgi Classics &#8211; Heritage Collection Scale: 1\/50 Ref.<a class=\"more-link\" href=\"https:\/\/military-classic-auction.com\/en\/product\/camion-remorque-porte-char-us-army\/\">Read more  &#10230;<\/a><\/p>","protected":false},"featured_media":19009,"template":"","meta":[],"product_brand":[],"product_cat":[85],"product_tag":[],"class_list":{"0":"post-19210","1":"product","2":"type-product","3":"status-publish","4":"has-post-thumbnail","6":"product_cat-the-vintage-military-toys","8":"first","9":"instock","10":"sold-individually","11":"purchasable","12":"product-type-auction"},"aioseo_notices":[],"_links":{"self":[{"href":"https:\/\/military-classic-auction.com\/en\/wp-json\/wp\/v2\/product\/19210","targetHints":{"allow":["GET"]}}],"collection":[{"href":"https:\/\/military-classic-auction.com\/en\/wp-json\/wp\/v2\/product"}],"about":[{"href":"https:\/\/military-classic-auction.com\/en\/wp-json\/wp\/v2\/types\/product"}],"wp:featuredmedia":[{"embeddable":true,"href":"https:\/\/military-classic-auction.com\/en\/wp-json\/wp\/v2\/media\/19009"}],"wp:attachment":[{"href":"https:\/\/military-classic-auction.com\/en\/wp-json\/wp\/v2\/media?parent=19210"}],"wp:term":[{"taxonomy":"product_brand","embeddable":true,"href":"https:\/\/military-classic-auction.com\/en\/wp-json\/wp\/v2\/product_brand?post=19210"},{"taxonomy":"product_cat","embeddable":true,"href":"https:\/\/military-classic-auction.com\/en\/wp-json\/wp\/v2\/product_cat?post=19210"},{"taxonomy":"product_tag","embeddable":true,"href":"https:\/\/military-classic-auction.com\/en\/wp-json\/wp\/v2\/product_tag?post=19210"}],"curies":[{"name":"wp","href":"https:\/\/api.w.org\/{rel}","templated":true}]}}