{"id":19208,"date":"2025-12-18T13:42:07","date_gmt":"2025-12-18T11:42:07","guid":{"rendered":"https:\/\/military-classic-auction.com\/?post_type=product&#038;p=19208"},"modified":"2025-12-21T12:20:25","modified_gmt":"2025-12-21T10:20:25","slug":"trois-camions-miniatures-russes","status":"publish","type":"product","link":"https:\/\/military-classic-auction.com\/en\/product\/trois-camions-miniatures-russes\/","title":{"rendered":"Trois camions miniatures Russes"},"content":{"rendered":"<p>Trois camions miniatures Russes<br \/>\nFabrication : Lomo-Avm &#8211; Russie<br \/>\n\u00c9chelle : 1\/43<br \/>\nCamion avec citerne, semi-chenill\u00e9 &#038; transporteur de troncs d&rsquo;arbres.<br \/>\nEn m\u00e9tal &#038; plastique.<br \/>\nDans leur boite d&rsquo;origine.<br \/>\nEn l&rsquo;\u00e9tat, traces d&rsquo;usures.<br \/>\n&#8211;<br \/>\n\u00ab\u00a0Three Russian miniature trucks<br \/>\nManufacturer: Lomo-Avm &#8211; Russia<br \/>\nScale: 1\/43<br \/>\nTruck with tanker, half-track, and log hauler.<br \/>\nMade of metal and plastic.<br \/>\nIn their original box.<br \/>\nAs is, with signs of wear.\u00a0\u00bb<\/p>","protected":false},"excerpt":{"rendered":"<p>Trois camions miniatures Russes Fabrication : Lomo-Avm &#8211; Russie \u00c9chelle : 1\/43 Camion avec citerne, semi-chenill\u00e9 &#038; transporteur de troncs d&rsquo;arbres. En m\u00e9tal &#038; plastique. Dans leur boite d&rsquo;origine. En l&rsquo;\u00e9tat, traces d&rsquo;usures. &#8211; \u00ab\u00a0Three Russian miniature trucks Manufacturer: Lomo-Avm &#8211; Russia Scale: 1\/43 Truck with tanker, half-track, and log hauler. Made of metal and<a class=\"more-link\" href=\"https:\/\/military-classic-auction.com\/en\/product\/trois-camions-miniatures-russes\/\">Read more  &#10230;<\/a><\/p>","protected":false},"featured_media":18989,"template":"","meta":[],"product_brand":[],"product_cat":[85],"product_tag":[],"class_list":{"0":"post-19208","1":"product","2":"type-product","3":"status-publish","4":"has-post-thumbnail","6":"product_cat-the-vintage-military-toys","8":"first","9":"instock","10":"sold-individually","11":"purchasable","12":"product-type-auction"},"aioseo_notices":[],"_links":{"self":[{"href":"https:\/\/military-classic-auction.com\/en\/wp-json\/wp\/v2\/product\/19208","targetHints":{"allow":["GET"]}}],"collection":[{"href":"https:\/\/military-classic-auction.com\/en\/wp-json\/wp\/v2\/product"}],"about":[{"href":"https:\/\/military-classic-auction.com\/en\/wp-json\/wp\/v2\/types\/product"}],"wp:featuredmedia":[{"embeddable":true,"href":"https:\/\/military-classic-auction.com\/en\/wp-json\/wp\/v2\/media\/18989"}],"wp:attachment":[{"href":"https:\/\/military-classic-auction.com\/en\/wp-json\/wp\/v2\/media?parent=19208"}],"wp:term":[{"taxonomy":"product_brand","embeddable":true,"href":"https:\/\/military-classic-auction.com\/en\/wp-json\/wp\/v2\/product_brand?post=19208"},{"taxonomy":"product_cat","embeddable":true,"href":"https:\/\/military-classic-auction.com\/en\/wp-json\/wp\/v2\/product_cat?post=19208"},{"taxonomy":"product_tag","embeddable":true,"href":"https:\/\/military-classic-auction.com\/en\/wp-json\/wp\/v2\/product_tag?post=19208"}],"curies":[{"name":"wp","href":"https:\/\/api.w.org\/{rel}","templated":true}]}}