{"id":19206,"date":"2025-12-18T13:42:04","date_gmt":"2025-12-18T11:42:04","guid":{"rendered":"https:\/\/military-classic-auction.com\/?post_type=product&#038;p=19206"},"modified":"2025-12-21T08:31:50","modified_gmt":"2025-12-21T06:31:50","slug":"jeep-ford-gpa-normandy-1944-us-army","status":"publish","type":"product","link":"https:\/\/military-classic-auction.com\/en\/product\/jeep-ford-gpa-normandy-1944-us-army\/","title":{"rendered":"Jeep Ford GPA &#8211; Normandy 1944 &#8211; US Army"},"content":{"rendered":"<p>Jeep Ford GPA &#8211; Normandy 1944 &#8211; US Army<br \/>\nFabrication : Forces of Valor &#8211; Unimax toys limited<br \/>\n\u00c9chelle : 1\/32<br \/>\nAnn\u00e9e 2003<br \/>\nEn m\u00e9tal &#038; plastique.<br \/>\nDans sa boite d&rsquo;origine.<br \/>\n(En l&rsquo;\u00e9tat, quelques accessoires manquants)<br \/>\n&#8211;<br \/>\n\u00ab\u00a0Jeep Ford GPA &#8211; Normandy 1944 &#8211; US Army<br \/>\nManufactured by: Forces of Valor &#8211; Unimax Toys Limited<br \/>\nScale: 1\/32<br \/>\nYear: 2003<br \/>\nMade of metal and plastic.<br \/>\nIn its original box.<br \/>\n(As is, some accessories are missing)\u00a0\u00bb<\/p>","protected":false},"excerpt":{"rendered":"<p>Jeep Ford GPA &#8211; Normandy 1944 &#8211; US Army Fabrication : Forces of Valor &#8211; Unimax toys limited \u00c9chelle : 1\/32 Ann\u00e9e 2003 En m\u00e9tal &#038; plastique. Dans sa boite d&rsquo;origine. (En l&rsquo;\u00e9tat, quelques accessoires manquants) &#8211; \u00ab\u00a0Jeep Ford GPA &#8211; Normandy 1944 &#8211; US Army Manufactured by: Forces of Valor &#8211; Unimax Toys Limited<a class=\"more-link\" href=\"https:\/\/military-classic-auction.com\/en\/product\/jeep-ford-gpa-normandy-1944-us-army\/\">Read more  &#10230;<\/a><\/p>","protected":false},"featured_media":18971,"template":"","meta":[],"product_brand":[],"product_cat":[85],"product_tag":[],"class_list":{"0":"post-19206","1":"product","2":"type-product","3":"status-publish","4":"has-post-thumbnail","6":"product_cat-the-vintage-military-toys","8":"first","9":"instock","10":"sold-individually","11":"purchasable","12":"product-type-auction"},"aioseo_notices":[],"_links":{"self":[{"href":"https:\/\/military-classic-auction.com\/en\/wp-json\/wp\/v2\/product\/19206","targetHints":{"allow":["GET"]}}],"collection":[{"href":"https:\/\/military-classic-auction.com\/en\/wp-json\/wp\/v2\/product"}],"about":[{"href":"https:\/\/military-classic-auction.com\/en\/wp-json\/wp\/v2\/types\/product"}],"wp:featuredmedia":[{"embeddable":true,"href":"https:\/\/military-classic-auction.com\/en\/wp-json\/wp\/v2\/media\/18971"}],"wp:attachment":[{"href":"https:\/\/military-classic-auction.com\/en\/wp-json\/wp\/v2\/media?parent=19206"}],"wp:term":[{"taxonomy":"product_brand","embeddable":true,"href":"https:\/\/military-classic-auction.com\/en\/wp-json\/wp\/v2\/product_brand?post=19206"},{"taxonomy":"product_cat","embeddable":true,"href":"https:\/\/military-classic-auction.com\/en\/wp-json\/wp\/v2\/product_cat?post=19206"},{"taxonomy":"product_tag","embeddable":true,"href":"https:\/\/military-classic-auction.com\/en\/wp-json\/wp\/v2\/product_tag?post=19206"}],"curies":[{"name":"wp","href":"https:\/\/api.w.org\/{rel}","templated":true}]}}