{"id":19205,"date":"2025-12-18T13:42:02","date_gmt":"2025-12-18T11:42:02","guid":{"rendered":"https:\/\/military-classic-auction.com\/?post_type=product&#038;p=19205"},"modified":"2025-12-18T13:42:03","modified_gmt":"2025-12-18T11:42:03","slug":"deux-hummer-us-army","status":"publish","type":"product","link":"https:\/\/military-classic-auction.com\/en\/product\/deux-hummer-us-army\/","title":{"rendered":"Deux Hummer &#8211; US Army"},"content":{"rendered":"<p>Deux Hummer &#8211; US Army<br \/>\nFabrication : Victoria &#8211; Made in Macau.<br \/>\n\u00c9chelle : 1\/43<br \/>\nMod\u00e8les : United Nations &#038; Desert Storm<br \/>\nType : R004 &#038; R005<br \/>\nEn m\u00e9tal &#038; plastique.<br \/>\nDans leur boite d&rsquo;origine.<br \/>\nEn l&rsquo;\u00e9tat, traces d&rsquo;usures.<br \/>\n&#8211;<br \/>\n\u00ab\u00a0Two Hummers &#8211; US Army<br \/>\nManufacturer: Victoria &#8211; Made in Macau.<br \/>\nScale: 1\/43<br \/>\nModels: United Nations &#038; Desert Storm<br \/>\nType: R004 &#038; R005<br \/>\nMetal &#038; plastic construction.<br \/>\nIn their original boxes.<br \/>\nAs is, with signs of wear.\u00a0\u00bb<\/p>","protected":false},"excerpt":{"rendered":"<p>Deux Hummer &#8211; US Army Fabrication : Victoria &#8211; Made in Macau. \u00c9chelle : 1\/43 Mod\u00e8les : United Nations &#038; Desert Storm Type : R004 &#038; R005 En m\u00e9tal &#038; plastique. Dans leur boite d&rsquo;origine. En l&rsquo;\u00e9tat, traces d&rsquo;usures. &#8211; \u00ab\u00a0Two Hummers &#8211; US Army Manufacturer: Victoria &#8211; Made in Macau. Scale: 1\/43 Models: United<a class=\"more-link\" href=\"https:\/\/military-classic-auction.com\/en\/product\/deux-hummer-us-army\/\">Read more  &#10230;<\/a><\/p>","protected":false},"featured_media":18966,"template":"","meta":[],"product_brand":[],"product_cat":[85],"product_tag":[],"class_list":{"0":"post-19205","1":"product","2":"type-product","3":"status-publish","4":"has-post-thumbnail","6":"product_cat-the-vintage-military-toys","8":"first","9":"instock","10":"sold-individually","11":"purchasable","12":"product-type-auction"},"aioseo_notices":[],"_links":{"self":[{"href":"https:\/\/military-classic-auction.com\/en\/wp-json\/wp\/v2\/product\/19205","targetHints":{"allow":["GET"]}}],"collection":[{"href":"https:\/\/military-classic-auction.com\/en\/wp-json\/wp\/v2\/product"}],"about":[{"href":"https:\/\/military-classic-auction.com\/en\/wp-json\/wp\/v2\/types\/product"}],"wp:featuredmedia":[{"embeddable":true,"href":"https:\/\/military-classic-auction.com\/en\/wp-json\/wp\/v2\/media\/18966"}],"wp:attachment":[{"href":"https:\/\/military-classic-auction.com\/en\/wp-json\/wp\/v2\/media?parent=19205"}],"wp:term":[{"taxonomy":"product_brand","embeddable":true,"href":"https:\/\/military-classic-auction.com\/en\/wp-json\/wp\/v2\/product_brand?post=19205"},{"taxonomy":"product_cat","embeddable":true,"href":"https:\/\/military-classic-auction.com\/en\/wp-json\/wp\/v2\/product_cat?post=19205"},{"taxonomy":"product_tag","embeddable":true,"href":"https:\/\/military-classic-auction.com\/en\/wp-json\/wp\/v2\/product_tag?post=19205"}],"curies":[{"name":"wp","href":"https:\/\/api.w.org\/{rel}","templated":true}]}}